{"id":2960,"date":"2026-04-21T17:25:16","date_gmt":"2026-04-21T15:25:16","guid":{"rendered":"https:\/\/enrick.cat\/?page_id=2960"},"modified":"2026-04-21T17:26:58","modified_gmt":"2026-04-21T15:26:58","slug":"esperant","status":"publish","type":"page","link":"https:\/\/enrick.cat\/es\/esperant\/","title":{"rendered":"Esperant"},"content":{"rendered":"<div data-elementor-type=\"wp-page\" data-elementor-id=\"2960\" class=\"elementor elementor-2960\" data-elementor-post-type=\"page\">\n\t\t\t\t\t\t<section class=\"elementor-section elementor-top-section elementor-element elementor-element-ce62dfe elementor-section-boxed elementor-section-height-default elementor-section-height-default\" data-id=\"ce62dfe\" data-element_type=\"section\" data-e-type=\"section\" data-settings=\"{&quot;background_background&quot;:&quot;classic&quot;}\">\n\t\t\t\t\t\t<div class=\"elementor-container elementor-column-gap-default\">\n\t\t\t\t\t<div class=\"elementor-column elementor-col-100 elementor-top-column elementor-element elementor-element-867e804\" data-id=\"867e804\" data-element_type=\"column\" data-e-type=\"column\">\n\t\t\t<div class=\"elementor-widget-wrap elementor-element-populated\">\n\t\t\t\t\t\t<div class=\"elementor-element elementor-element-46c4c6f elementor-widget elementor-widget-spacer\" data-id=\"46c4c6f\" data-element_type=\"widget\" data-e-type=\"widget\" data-widget_type=\"spacer.default\">\n\t\t\t\t<div class=\"elementor-widget-container\">\n\t\t\t\t\t\t\t<div class=\"elementor-spacer\">\n\t\t\t<div class=\"elementor-spacer-inner\"><\/div>\n\t\t<\/div>\n\t\t\t\t\t\t<\/div>\n\t\t\t\t<\/div>\n\t\t\t\t<div class=\"elementor-element elementor-element-3a9f651 elementor-widget elementor-widget-heading\" data-id=\"3a9f651\" data-element_type=\"widget\" data-e-type=\"widget\" data-widget_type=\"heading.default\">\n\t\t\t\t<div class=\"elementor-widget-container\">\n\t\t\t\t\t<h2 class=\"elementor-heading-title elementor-size-default\">Esperant<\/h2>\t\t\t\t<\/div>\n\t\t\t\t<\/div>\n\t\t\t\t<div class=\"elementor-element elementor-element-a2123fc elementor-widget elementor-widget-heading\" data-id=\"a2123fc\" data-element_type=\"widget\" data-e-type=\"widget\" data-widget_type=\"heading.default\">\n\t\t\t\t<div class=\"elementor-widget-container\">\n\t\t\t\t\t<h6 class=\"elementor-heading-title elementor-size-default\">20\/2\/2026<\/h6>\t\t\t\t<\/div>\n\t\t\t\t<\/div>\n\t\t\t\t<section class=\"elementor-section elementor-inner-section elementor-element elementor-element-5f14ba1 elementor-section-boxed elementor-section-height-default elementor-section-height-default\" data-id=\"5f14ba1\" data-element_type=\"section\" data-e-type=\"section\">\n\t\t\t\t\t\t<div class=\"elementor-container elementor-column-gap-default\">\n\t\t\t\t\t<div class=\"elementor-column elementor-col-100 elementor-inner-column elementor-element elementor-element-59e6364\" data-id=\"59e6364\" data-element_type=\"column\" data-e-type=\"column\" data-settings=\"{&quot;background_background&quot;:&quot;classic&quot;}\">\n\t\t\t<div class=\"elementor-widget-wrap elementor-element-populated\">\n\t\t\t\t\t\t<div class=\"elementor-element elementor-element-843dccf elementor-widget elementor-widget-text-editor\" data-id=\"843dccf\" data-element_type=\"widget\" data-e-type=\"widget\" data-widget_type=\"text-editor.default\">\n\t\t\t\t<div class=\"elementor-widget-container\">\n\t\t\t\t\t\t\t\t\t<p>Esperant la llum enmig la nit<br \/>Esperant al que de dia em dic<br \/>Esperant \u00e9s quan m&#8217;he fet petit<\/p><p>\u00a0<\/p><p>I un dia creix tort<br \/>Buit un altre cop<br \/>No puc mirar endavant si sempre espero la sort<\/p><p>\u00a0<\/p><p>I un dia ho vull tot<br \/>Per\u00f2 em cremo de nou<br \/>Nom\u00e9s queda llan\u00e7ar-me i esperar arribar a port<\/p><p>\u00a0<\/p><p>M&#8217;han prom\u00e8s tant<br \/>I ara m&#8217;he quedat esperant<\/p><p>\u00a0<\/p><p>M&#8217;han prom\u00e8s tant<br \/>I ara m&#8217;he quedat esperant<\/p><p>\u00a0<\/p><p>M&#8217;han prom\u00e8s tant<br \/>I ara m&#8217;he quedat esperant<\/p><p>\u00a0<\/p><p>M&#8217;han prom\u00e8s tant<br \/>I ara m&#8217;he quedat esperant<\/p><p>\u00a0<\/p><p>M&#8217;han prom\u00e8s tant<br \/>Que ara m&#8217;he quedat esperant<\/p><p>\u00a0<\/p><p>M&#8217;han prom\u00e8s tant<br \/>Que ara m&#8217;he quedat esperant<\/p><p>\u00a0<\/p><p>M&#8217;han prom\u00e8s tant<br \/>I ara m&#8217;he quedat esperant<\/p><p>\u00a0<\/p><p>M&#8217;han prom\u00e8s tant<br \/>I ara m&#8217;he quedat esperant<\/p>\t\t\t\t\t\t\t\t<\/div>\n\t\t\t\t<\/div>\n\t\t\t\t\t<\/div>\n\t\t<\/div>\n\t\t\t\t\t<\/div>\n\t\t<\/section>\n\t\t\t\t<div class=\"elementor-element elementor-element-2445f3f elementor-widget elementor-widget-spacer\" data-id=\"2445f3f\" data-element_type=\"widget\" data-e-type=\"widget\" data-widget_type=\"spacer.default\">\n\t\t\t\t<div class=\"elementor-widget-container\">\n\t\t\t\t\t\t\t<div class=\"elementor-spacer\">\n\t\t\t<div class=\"elementor-spacer-inner\"><\/div>\n\t\t<\/div>\n\t\t\t\t\t\t<\/div>\n\t\t\t\t<\/div>\n\t\t\t\t<div class=\"elementor-element elementor-element-db5de17 elementor-widget elementor-widget-heading\" data-id=\"db5de17\" data-element_type=\"widget\" data-e-type=\"widget\" data-widget_type=\"heading.default\">\n\t\t\t\t<div class=\"elementor-widget-container\">\n\t\t\t\t\t<h6 class=\"elementor-heading-title elementor-size-default\">ESCOLTA-LA ARA:<\/h6>\t\t\t\t<\/div>\n\t\t\t\t<\/div>\n\t\t\t\t<div class=\"elementor-element elementor-element-db93982 elementor-widget elementor-widget-html\" data-id=\"db93982\" data-element_type=\"widget\" data-e-type=\"widget\" data-widget_type=\"html.default\">\n\t\t\t\t<div class=\"elementor-widget-container\">\n\t\t\t\t\t<iframe data-testid=\"embed-iframe\" style=\"border-radius:12px\" src=\"https:\/\/open.spotify.com\/embed\/track\/5J70VG24KBdNPH6t7APNvM?utm_source=generator\" width=\"100%\" height=\"352\" frameborder=\"0\" allowfullscreen=\"\" allow=\"autoplay; clipboard-write; encrypted-media; fullscreen; picture-in-picture\" loading=\"lazy\"><\/iframe>\t\t\t\t<\/div>\n\t\t\t\t<\/div>\n\t\t\t\t<div class=\"elementor-element elementor-element-9c0bf73 elementor-widget elementor-widget-spacer\" data-id=\"9c0bf73\" data-element_type=\"widget\" data-e-type=\"widget\" data-widget_type=\"spacer.default\">\n\t\t\t\t<div class=\"elementor-widget-container\">\n\t\t\t\t\t\t\t<div class=\"elementor-spacer\">\n\t\t\t<div class=\"elementor-spacer-inner\"><\/div>\n\t\t<\/div>\n\t\t\t\t\t\t<\/div>\n\t\t\t\t<\/div>\n\t\t\t\t\t<\/div>\n\t\t<\/div>\n\t\t\t\t\t<\/div>\n\t\t<\/section>\n\t\t\t\t<\/div>","protected":false},"excerpt":{"rendered":"<p>Esperant 20\/2\/2026 Esperant la llum enmig la nitEsperant al que de dia em dicEsperant \u00e9s quan m&#8217;he fet petit \u00a0 I un dia creix tortBuit un altre copNo puc mirar endavant si sempre espero la sort \u00a0 I un dia ho vull totPer\u00f2 em cremo de nouNom\u00e9s queda llan\u00e7ar-me i esperar arribar a port \u00a0 [&hellip;]<\/p>\n","protected":false},"author":1,"featured_media":0,"parent":0,"menu_order":0,"comment_status":"closed","ping_status":"closed","template":"","meta":{"site-sidebar-layout":"no-sidebar","site-content-layout":"page-builder","ast-site-content-layout":"full-width-container","site-content-style":"default","site-sidebar-style":"default","ast-global-header-display":"","ast-banner-title-visibility":"","ast-main-header-display":"","ast-hfb-above-header-display":"","ast-hfb-below-header-display":"","ast-hfb-mobile-header-display":"","site-post-title":"disabled","ast-breadcrumbs-content":"","ast-featured-img":"disabled","footer-sml-layout":"","ast-disable-related-posts":"","theme-transparent-header-meta":"","adv-header-id-meta":"","stick-header-meta":"","header-above-stick-meta":"","header-main-stick-meta":"","header-below-stick-meta":"","astra-migrate-meta-layouts":"set","ast-page-background-enabled":"default","ast-page-background-meta":{"desktop":{"background-color":"var(--ast-global-color-4)","background-image":"","background-repeat":"repeat","background-position":"center center","background-size":"auto","background-attachment":"scroll","background-type":"","background-media":"","overlay-type":"","overlay-color":"","overlay-opacity":"","overlay-gradient":""},"tablet":{"background-color":"","background-image":"","background-repeat":"repeat","background-position":"center center","background-size":"auto","background-attachment":"scroll","background-type":"","background-media":"","overlay-type":"","overlay-color":"","overlay-opacity":"","overlay-gradient":""},"mobile":{"background-color":"","background-image":"","background-repeat":"repeat","background-position":"center center","background-size":"auto","background-attachment":"scroll","background-type":"","background-media":"","overlay-type":"","overlay-color":"","overlay-opacity":"","overlay-gradient":""}},"ast-content-background-meta":{"desktop":{"background-color":"var(--ast-global-color-5)","background-image":"","background-repeat":"repeat","background-position":"center center","background-size":"auto","background-attachment":"scroll","background-type":"","background-media":"","overlay-type":"","overlay-color":"","overlay-opacity":"","overlay-gradient":""},"tablet":{"background-color":"var(--ast-global-color-5)","background-image":"","background-repeat":"repeat","background-position":"center center","background-size":"auto","background-attachment":"scroll","background-type":"","background-media":"","overlay-type":"","overlay-color":"","overlay-opacity":"","overlay-gradient":""},"mobile":{"background-color":"var(--ast-global-color-5)","background-image":"","background-repeat":"repeat","background-position":"center center","background-size":"auto","background-attachment":"scroll","background-type":"","background-media":"","overlay-type":"","overlay-color":"","overlay-opacity":"","overlay-gradient":""}},"footnotes":""},"class_list":["post-2960","page","type-page","status-publish","hentry"],"yoast_head":"<!-- This site is optimized with the Yoast SEO plugin v27.5 - https:\/\/yoast.com\/product\/yoast-seo-wordpress\/ -->\n<title>Esperant - En Rick<\/title>\n<meta name=\"robots\" content=\"index, follow, max-snippet:-1, max-image-preview:large, max-video-preview:-1\" \/>\n<link rel=\"canonical\" href=\"https:\/\/enrick.cat\/es\/esperant\/\" \/>\n<meta property=\"og:locale\" content=\"es_ES\" \/>\n<meta property=\"og:type\" content=\"article\" \/>\n<meta property=\"og:title\" content=\"Esperant - En Rick\" \/>\n<meta property=\"og:description\" content=\"Esperant 20\/2\/2026 Esperant la llum enmig la nitEsperant al que de dia em dicEsperant \u00e9s quan m&#8217;he fet petit \u00a0 I un dia creix tortBuit un altre copNo puc mirar endavant si sempre espero la sort \u00a0 I un dia ho vull totPer\u00f2 em cremo de nouNom\u00e9s queda llan\u00e7ar-me i esperar arribar a port \u00a0 [&hellip;]\" \/>\n<meta property=\"og:url\" content=\"https:\/\/enrick.cat\/es\/esperant\/\" \/>\n<meta property=\"og:site_name\" content=\"En Rick\" \/>\n<meta property=\"article:modified_time\" content=\"2026-04-21T15:26:58+00:00\" \/>\n<meta name=\"twitter:card\" content=\"summary_large_image\" \/>\n<meta name=\"twitter:label1\" content=\"Tiempo de lectura\" \/>\n\t<meta name=\"twitter:data1\" content=\"1 minuto\" \/>\n<script type=\"application\/ld+json\" class=\"yoast-schema-graph\">{\"@context\":\"https:\\\/\\\/schema.org\",\"@graph\":[{\"@type\":\"WebPage\",\"@id\":\"https:\\\/\\\/enrick.cat\\\/esperant\\\/\",\"url\":\"https:\\\/\\\/enrick.cat\\\/esperant\\\/\",\"name\":\"Esperant - En Rick\",\"isPartOf\":{\"@id\":\"https:\\\/\\\/enrick.cat\\\/#website\"},\"datePublished\":\"2026-04-21T15:25:16+00:00\",\"dateModified\":\"2026-04-21T15:26:58+00:00\",\"breadcrumb\":{\"@id\":\"https:\\\/\\\/enrick.cat\\\/esperant\\\/#breadcrumb\"},\"inLanguage\":\"es\",\"potentialAction\":[{\"@type\":\"ReadAction\",\"target\":[\"https:\\\/\\\/enrick.cat\\\/esperant\\\/\"]}]},{\"@type\":\"BreadcrumbList\",\"@id\":\"https:\\\/\\\/enrick.cat\\\/esperant\\\/#breadcrumb\",\"itemListElement\":[{\"@type\":\"ListItem\",\"position\":1,\"name\":\"Inici\",\"item\":\"https:\\\/\\\/enrick.cat\\\/\"},{\"@type\":\"ListItem\",\"position\":2,\"name\":\"Esperant\"}]},{\"@type\":\"WebSite\",\"@id\":\"https:\\\/\\\/enrick.cat\\\/#website\",\"url\":\"https:\\\/\\\/enrick.cat\\\/\",\"name\":\"En Rick | No s\u00e9 ballar ja disponible\",\"description\":\"El teu Sapastre de confian\u00e7a\",\"publisher\":{\"@id\":\"https:\\\/\\\/enrick.cat\\\/#\\\/schema\\\/person\\\/493db02099da031b2a43b4a948e6aa9e\"},\"potentialAction\":[{\"@type\":\"SearchAction\",\"target\":{\"@type\":\"EntryPoint\",\"urlTemplate\":\"https:\\\/\\\/enrick.cat\\\/?s={search_term_string}\"},\"query-input\":{\"@type\":\"PropertyValueSpecification\",\"valueRequired\":true,\"valueName\":\"search_term_string\"}}],\"inLanguage\":\"es\"},{\"@type\":[\"Person\",\"Organization\"],\"@id\":\"https:\\\/\\\/enrick.cat\\\/#\\\/schema\\\/person\\\/493db02099da031b2a43b4a948e6aa9e\",\"name\":\"En Rick\",\"image\":{\"@type\":\"ImageObject\",\"inLanguage\":\"es\",\"@id\":\"https:\\\/\\\/enrick.cat\\\/wp-content\\\/uploads\\\/2023\\\/09\\\/cropped-Logo_n-png.avif\",\"url\":\"https:\\\/\\\/enrick.cat\\\/wp-content\\\/uploads\\\/2023\\\/09\\\/cropped-Logo_n-png.avif\",\"contentUrl\":\"https:\\\/\\\/enrick.cat\\\/wp-content\\\/uploads\\\/2023\\\/09\\\/cropped-Logo_n-png.avif\",\"width\":896,\"height\":253,\"caption\":\"En Rick\"},\"logo\":{\"@id\":\"https:\\\/\\\/enrick.cat\\\/wp-content\\\/uploads\\\/2023\\\/09\\\/cropped-Logo_n-png.avif\"},\"sameAs\":[\"https:\\\/\\\/enrick.cat\"]}]}<\/script>\n<!-- \/ Yoast SEO plugin. -->","yoast_head_json":{"title":"Esperant - En Rick","robots":{"index":"index","follow":"follow","max-snippet":"max-snippet:-1","max-image-preview":"max-image-preview:large","max-video-preview":"max-video-preview:-1"},"canonical":"https:\/\/enrick.cat\/es\/esperant\/","og_locale":"es_ES","og_type":"article","og_title":"Esperant - En Rick","og_description":"Esperant 20\/2\/2026 Esperant la llum enmig la nitEsperant al que de dia em dicEsperant \u00e9s quan m&#8217;he fet petit \u00a0 I un dia creix tortBuit un altre copNo puc mirar endavant si sempre espero la sort \u00a0 I un dia ho vull totPer\u00f2 em cremo de nouNom\u00e9s queda llan\u00e7ar-me i esperar arribar a port \u00a0 [&hellip;]","og_url":"https:\/\/enrick.cat\/es\/esperant\/","og_site_name":"En Rick","article_modified_time":"2026-04-21T15:26:58+00:00","twitter_card":"summary_large_image","twitter_misc":{"Tiempo de lectura":"1 minuto"},"schema":{"@context":"https:\/\/schema.org","@graph":[{"@type":"WebPage","@id":"https:\/\/enrick.cat\/esperant\/","url":"https:\/\/enrick.cat\/esperant\/","name":"Esperant - En Rick","isPartOf":{"@id":"https:\/\/enrick.cat\/#website"},"datePublished":"2026-04-21T15:25:16+00:00","dateModified":"2026-04-21T15:26:58+00:00","breadcrumb":{"@id":"https:\/\/enrick.cat\/esperant\/#breadcrumb"},"inLanguage":"es","potentialAction":[{"@type":"ReadAction","target":["https:\/\/enrick.cat\/esperant\/"]}]},{"@type":"BreadcrumbList","@id":"https:\/\/enrick.cat\/esperant\/#breadcrumb","itemListElement":[{"@type":"ListItem","position":1,"name":"Inici","item":"https:\/\/enrick.cat\/"},{"@type":"ListItem","position":2,"name":"Esperant"}]},{"@type":"WebSite","@id":"https:\/\/enrick.cat\/#website","url":"https:\/\/enrick.cat\/","name":"En Rick | No s\u00e9 ballar ja disponible","description":"El teu Sapastre de confian\u00e7a","publisher":{"@id":"https:\/\/enrick.cat\/#\/schema\/person\/493db02099da031b2a43b4a948e6aa9e"},"potentialAction":[{"@type":"SearchAction","target":{"@type":"EntryPoint","urlTemplate":"https:\/\/enrick.cat\/?s={search_term_string}"},"query-input":{"@type":"PropertyValueSpecification","valueRequired":true,"valueName":"search_term_string"}}],"inLanguage":"es"},{"@type":["Person","Organization"],"@id":"https:\/\/enrick.cat\/#\/schema\/person\/493db02099da031b2a43b4a948e6aa9e","name":"En Rick","image":{"@type":"ImageObject","inLanguage":"es","@id":"https:\/\/enrick.cat\/wp-content\/uploads\/2023\/09\/cropped-Logo_n-png.avif","url":"https:\/\/enrick.cat\/wp-content\/uploads\/2023\/09\/cropped-Logo_n-png.avif","contentUrl":"https:\/\/enrick.cat\/wp-content\/uploads\/2023\/09\/cropped-Logo_n-png.avif","width":896,"height":253,"caption":"En Rick"},"logo":{"@id":"https:\/\/enrick.cat\/wp-content\/uploads\/2023\/09\/cropped-Logo_n-png.avif"},"sameAs":["https:\/\/enrick.cat"]}]}},"jetpack_sharing_enabled":true,"_links":{"self":[{"href":"https:\/\/enrick.cat\/es\/wp-json\/wp\/v2\/pages\/2960","targetHints":{"allow":["GET"]}}],"collection":[{"href":"https:\/\/enrick.cat\/es\/wp-json\/wp\/v2\/pages"}],"about":[{"href":"https:\/\/enrick.cat\/es\/wp-json\/wp\/v2\/types\/page"}],"author":[{"embeddable":true,"href":"https:\/\/enrick.cat\/es\/wp-json\/wp\/v2\/users\/1"}],"replies":[{"embeddable":true,"href":"https:\/\/enrick.cat\/es\/wp-json\/wp\/v2\/comments?post=2960"}],"version-history":[{"count":7,"href":"https:\/\/enrick.cat\/es\/wp-json\/wp\/v2\/pages\/2960\/revisions"}],"predecessor-version":[{"id":2967,"href":"https:\/\/enrick.cat\/es\/wp-json\/wp\/v2\/pages\/2960\/revisions\/2967"}],"wp:attachment":[{"href":"https:\/\/enrick.cat\/es\/wp-json\/wp\/v2\/media?parent=2960"}],"curies":[{"name":"wp","href":"https:\/\/api.w.org\/{rel}","templated":true}]}}