{"id":2952,"date":"2026-04-21T17:23:10","date_gmt":"2026-04-21T15:23:10","guid":{"rendered":"https:\/\/enrick.cat\/?page_id=2952"},"modified":"2026-04-21T17:24:50","modified_gmt":"2026-04-21T15:24:50","slug":"tocat-del-bolet","status":"publish","type":"page","link":"https:\/\/enrick.cat\/es\/tocat-del-bolet\/","title":{"rendered":"Tocat del bolet"},"content":{"rendered":"<div data-elementor-type=\"wp-page\" data-elementor-id=\"2952\" class=\"elementor elementor-2952\" data-elementor-post-type=\"page\">\n\t\t\t\t\t\t<section class=\"elementor-section elementor-top-section elementor-element elementor-element-8a56bec elementor-section-boxed elementor-section-height-default elementor-section-height-default\" data-id=\"8a56bec\" data-element_type=\"section\" data-e-type=\"section\" data-settings=\"{&quot;background_background&quot;:&quot;classic&quot;}\">\n\t\t\t\t\t\t<div class=\"elementor-container elementor-column-gap-default\">\n\t\t\t\t\t<div class=\"elementor-column elementor-col-100 elementor-top-column elementor-element elementor-element-4049a38\" data-id=\"4049a38\" data-element_type=\"column\" data-e-type=\"column\">\n\t\t\t<div class=\"elementor-widget-wrap elementor-element-populated\">\n\t\t\t\t\t\t<div class=\"elementor-element elementor-element-539f4dc elementor-widget elementor-widget-spacer\" data-id=\"539f4dc\" data-element_type=\"widget\" data-e-type=\"widget\" data-widget_type=\"spacer.default\">\n\t\t\t\t<div class=\"elementor-widget-container\">\n\t\t\t\t\t\t\t<div class=\"elementor-spacer\">\n\t\t\t<div class=\"elementor-spacer-inner\"><\/div>\n\t\t<\/div>\n\t\t\t\t\t\t<\/div>\n\t\t\t\t<\/div>\n\t\t\t\t<div class=\"elementor-element elementor-element-5a7bac8 elementor-widget elementor-widget-heading\" data-id=\"5a7bac8\" data-element_type=\"widget\" data-e-type=\"widget\" data-widget_type=\"heading.default\">\n\t\t\t\t<div class=\"elementor-widget-container\">\n\t\t\t\t\t<h2 class=\"elementor-heading-title elementor-size-default\">Tocat del bolet<\/h2>\t\t\t\t<\/div>\n\t\t\t\t<\/div>\n\t\t\t\t<div class=\"elementor-element elementor-element-f938837 elementor-widget elementor-widget-heading\" data-id=\"f938837\" data-element_type=\"widget\" data-e-type=\"widget\" data-widget_type=\"heading.default\">\n\t\t\t\t<div class=\"elementor-widget-container\">\n\t\t\t\t\t<h6 class=\"elementor-heading-title elementor-size-default\">21\/3\/2025<\/h6>\t\t\t\t<\/div>\n\t\t\t\t<\/div>\n\t\t\t\t<section class=\"elementor-section elementor-inner-section elementor-element elementor-element-5939b16 elementor-section-boxed elementor-section-height-default elementor-section-height-default\" data-id=\"5939b16\" data-element_type=\"section\" data-e-type=\"section\">\n\t\t\t\t\t\t<div class=\"elementor-container elementor-column-gap-default\">\n\t\t\t\t\t<div class=\"elementor-column elementor-col-100 elementor-inner-column elementor-element elementor-element-b9ada8a\" data-id=\"b9ada8a\" data-element_type=\"column\" data-e-type=\"column\" data-settings=\"{&quot;background_background&quot;:&quot;classic&quot;}\">\n\t\t\t<div class=\"elementor-widget-wrap elementor-element-populated\">\n\t\t\t\t\t\t<div class=\"elementor-element elementor-element-243ef39 elementor-widget elementor-widget-text-editor\" data-id=\"243ef39\" data-element_type=\"widget\" data-e-type=\"widget\" data-widget_type=\"text-editor.default\">\n\t\t\t\t<div class=\"elementor-widget-container\">\n\t\t\t\t\t\t\t\t\t<p>Estic tocat del bolet<br \/>Estic tocat del bolet<br \/>Tothom em diu que<br \/>Tothom em diu que<br \/>Estic tocat del bolet<br \/><br \/>Estic tocat del bolet<br \/>Estic tocat del bolet<br \/>Tothom em diu que<br \/>Tothom em diu que<br \/>Estic tocat del bolet<br \/><br \/>S&#8217;ha queixat el ve\u00ed de baix<br \/>De la tralla que est\u00e0 sonant<br \/>Que no ent\u00e9n com ens pot agradar<br \/>Tota aquesta m\u00fasica en catal\u00e0<br \/><br \/>Noi tu est\u00e0s ben tocat<br \/><br \/>Potser per un xampiny\u00f3<br \/>Potser per un camagroc<br \/>Un cep o un rovell\u00f3<br \/>Fredolic o rossinyol<br \/><br \/>El que no ha quedat clar<br \/>\u00c9s perqu\u00e8 es queda a ballar<br \/>Si em continua preguntant<br \/>Si estic tocat del bolet<br \/><br \/>Estic tocat del bolet<br \/>Estic tocat del bolet<br \/>Tothom em diu que<br \/>Tothom em diu que<br \/>Estic tocat del bolet<br \/><br \/>Estic tocat del bolet<br \/>Estic tocat del bolet<br \/>Tothom em diu que<br \/>Tothom em diu que<br \/>Estic tocat del bolet<br \/><br \/>I la festa se&#8217;ns va fent gran<br \/>I la penya anar convidant<br \/>A la iaia a la mama<br \/>Ara sembla que el barri est\u00e0 sencer aqu\u00ed ballant<br \/><br \/>Potser estem tots tocats<br \/><br \/>Un got de ratafia<br \/>I un xic de moscatell<br \/>O potser nom\u00e9s aigua<br \/>I festa, noi!<br \/>Com deia ell<br \/><br \/>El teu wrapped no m&#8217;enganya<br \/>Trapella i catalana<br \/>En el submar\u00ed ens \u00e9s igual<br \/><br \/>Estem tocats del bo&#8230;<br \/><br \/>Ning\u00fa ens pot fer cap mal<br \/>Ning\u00fa em pot fer cap mal<br \/>Tothom em diu que<br \/><br \/>Estic tocat del bolet<br \/>Estic tocat del bolet<br \/>Estic tocat del bolet<br \/>Del bolet, del bolet<br \/>Que estic tocat del bolet<br \/><br \/>Estic tocat del bolet<br \/>Estic tocat del bolet<br \/>Estic tocat del bolet<br \/>Del bolet, del bolet<br \/>Del bolet, del bolet<\/p>\t\t\t\t\t\t\t\t<\/div>\n\t\t\t\t<\/div>\n\t\t\t\t\t<\/div>\n\t\t<\/div>\n\t\t\t\t\t<\/div>\n\t\t<\/section>\n\t\t\t\t<div class=\"elementor-element elementor-element-c053266 elementor-widget elementor-widget-spacer\" data-id=\"c053266\" data-element_type=\"widget\" data-e-type=\"widget\" data-widget_type=\"spacer.default\">\n\t\t\t\t<div class=\"elementor-widget-container\">\n\t\t\t\t\t\t\t<div class=\"elementor-spacer\">\n\t\t\t<div class=\"elementor-spacer-inner\"><\/div>\n\t\t<\/div>\n\t\t\t\t\t\t<\/div>\n\t\t\t\t<\/div>\n\t\t\t\t<div class=\"elementor-element elementor-element-4ba561a elementor-widget elementor-widget-heading\" data-id=\"4ba561a\" data-element_type=\"widget\" data-e-type=\"widget\" data-widget_type=\"heading.default\">\n\t\t\t\t<div class=\"elementor-widget-container\">\n\t\t\t\t\t<h6 class=\"elementor-heading-title elementor-size-default\">ESCOLTA-LA ARA:<\/h6>\t\t\t\t<\/div>\n\t\t\t\t<\/div>\n\t\t\t\t<div class=\"elementor-element elementor-element-2d0eabb elementor-widget elementor-widget-html\" data-id=\"2d0eabb\" data-element_type=\"widget\" data-e-type=\"widget\" data-widget_type=\"html.default\">\n\t\t\t\t<div class=\"elementor-widget-container\">\n\t\t\t\t\t<iframe data-testid=\"embed-iframe\" style=\"border-radius:12px\" src=\"https:\/\/open.spotify.com\/embed\/track\/341DIR1FvWqh8goNV2Wz9b?utm_source=generator\" width=\"100%\" height=\"352\" frameborder=\"0\" allowfullscreen=\"\" allow=\"autoplay; clipboard-write; encrypted-media; fullscreen; picture-in-picture\" loading=\"lazy\"><\/iframe>\t\t\t\t<\/div>\n\t\t\t\t<\/div>\n\t\t\t\t<div class=\"elementor-element elementor-element-cce9ddd elementor-widget elementor-widget-spacer\" data-id=\"cce9ddd\" data-element_type=\"widget\" data-e-type=\"widget\" data-widget_type=\"spacer.default\">\n\t\t\t\t<div class=\"elementor-widget-container\">\n\t\t\t\t\t\t\t<div class=\"elementor-spacer\">\n\t\t\t<div class=\"elementor-spacer-inner\"><\/div>\n\t\t<\/div>\n\t\t\t\t\t\t<\/div>\n\t\t\t\t<\/div>\n\t\t\t\t\t<\/div>\n\t\t<\/div>\n\t\t\t\t\t<\/div>\n\t\t<\/section>\n\t\t\t\t<\/div>","protected":false},"excerpt":{"rendered":"<p>Tocat del bolet 21\/3\/2025 Estic tocat del boletEstic tocat del boletTothom em diu queTothom em diu queEstic tocat del bolet Estic tocat del boletEstic tocat del boletTothom em diu queTothom em diu queEstic tocat del bolet S&#8217;ha queixat el ve\u00ed de baixDe la tralla que est\u00e0 sonantQue no ent\u00e9n com ens pot agradarTota aquesta m\u00fasica [&hellip;]<\/p>\n","protected":false},"author":1,"featured_media":0,"parent":0,"menu_order":0,"comment_status":"closed","ping_status":"closed","template":"","meta":{"site-sidebar-layout":"no-sidebar","site-content-layout":"page-builder","ast-site-content-layout":"full-width-container","site-content-style":"default","site-sidebar-style":"default","ast-global-header-display":"","ast-banner-title-visibility":"","ast-main-header-display":"","ast-hfb-above-header-display":"","ast-hfb-below-header-display":"","ast-hfb-mobile-header-display":"","site-post-title":"disabled","ast-breadcrumbs-content":"","ast-featured-img":"disabled","footer-sml-layout":"","ast-disable-related-posts":"","theme-transparent-header-meta":"","adv-header-id-meta":"","stick-header-meta":"","header-above-stick-meta":"","header-main-stick-meta":"","header-below-stick-meta":"","astra-migrate-meta-layouts":"set","ast-page-background-enabled":"default","ast-page-background-meta":{"desktop":{"background-color":"var(--ast-global-color-4)","background-image":"","background-repeat":"repeat","background-position":"center center","background-size":"auto","background-attachment":"scroll","background-type":"","background-media":"","overlay-type":"","overlay-color":"","overlay-opacity":"","overlay-gradient":""},"tablet":{"background-color":"","background-image":"","background-repeat":"repeat","background-position":"center center","background-size":"auto","background-attachment":"scroll","background-type":"","background-media":"","overlay-type":"","overlay-color":"","overlay-opacity":"","overlay-gradient":""},"mobile":{"background-color":"","background-image":"","background-repeat":"repeat","background-position":"center center","background-size":"auto","background-attachment":"scroll","background-type":"","background-media":"","overlay-type":"","overlay-color":"","overlay-opacity":"","overlay-gradient":""}},"ast-content-background-meta":{"desktop":{"background-color":"var(--ast-global-color-5)","background-image":"","background-repeat":"repeat","background-position":"center center","background-size":"auto","background-attachment":"scroll","background-type":"","background-media":"","overlay-type":"","overlay-color":"","overlay-opacity":"","overlay-gradient":""},"tablet":{"background-color":"var(--ast-global-color-5)","background-image":"","background-repeat":"repeat","background-position":"center center","background-size":"auto","background-attachment":"scroll","background-type":"","background-media":"","overlay-type":"","overlay-color":"","overlay-opacity":"","overlay-gradient":""},"mobile":{"background-color":"var(--ast-global-color-5)","background-image":"","background-repeat":"repeat","background-position":"center center","background-size":"auto","background-attachment":"scroll","background-type":"","background-media":"","overlay-type":"","overlay-color":"","overlay-opacity":"","overlay-gradient":""}},"footnotes":""},"class_list":["post-2952","page","type-page","status-publish","hentry"],"yoast_head":"<!-- This site is optimized with the Yoast SEO plugin v27.5 - https:\/\/yoast.com\/product\/yoast-seo-wordpress\/ -->\n<title>Tocat del bolet - En Rick<\/title>\n<meta name=\"robots\" content=\"index, follow, max-snippet:-1, max-image-preview:large, max-video-preview:-1\" \/>\n<link rel=\"canonical\" href=\"https:\/\/enrick.cat\/es\/tocat-del-bolet\/\" \/>\n<meta property=\"og:locale\" content=\"es_ES\" \/>\n<meta property=\"og:type\" content=\"article\" \/>\n<meta property=\"og:title\" content=\"Tocat del bolet - En Rick\" \/>\n<meta property=\"og:description\" content=\"Tocat del bolet 21\/3\/2025 Estic tocat del boletEstic tocat del boletTothom em diu queTothom em diu queEstic tocat del bolet Estic tocat del boletEstic tocat del boletTothom em diu queTothom em diu queEstic tocat del bolet S&#8217;ha queixat el ve\u00ed de baixDe la tralla que est\u00e0 sonantQue no ent\u00e9n com ens pot agradarTota aquesta m\u00fasica [&hellip;]\" \/>\n<meta property=\"og:url\" content=\"https:\/\/enrick.cat\/es\/tocat-del-bolet\/\" \/>\n<meta property=\"og:site_name\" content=\"En Rick\" \/>\n<meta property=\"article:modified_time\" content=\"2026-04-21T15:24:50+00:00\" \/>\n<meta name=\"twitter:card\" content=\"summary_large_image\" \/>\n<meta name=\"twitter:label1\" content=\"Tiempo de lectura\" \/>\n\t<meta name=\"twitter:data1\" content=\"2 minutos\" \/>\n<script type=\"application\/ld+json\" class=\"yoast-schema-graph\">{\"@context\":\"https:\\\/\\\/schema.org\",\"@graph\":[{\"@type\":\"WebPage\",\"@id\":\"https:\\\/\\\/enrick.cat\\\/tocat-del-bolet\\\/\",\"url\":\"https:\\\/\\\/enrick.cat\\\/tocat-del-bolet\\\/\",\"name\":\"Tocat del bolet - En Rick\",\"isPartOf\":{\"@id\":\"https:\\\/\\\/enrick.cat\\\/#website\"},\"datePublished\":\"2026-04-21T15:23:10+00:00\",\"dateModified\":\"2026-04-21T15:24:50+00:00\",\"breadcrumb\":{\"@id\":\"https:\\\/\\\/enrick.cat\\\/tocat-del-bolet\\\/#breadcrumb\"},\"inLanguage\":\"es\",\"potentialAction\":[{\"@type\":\"ReadAction\",\"target\":[\"https:\\\/\\\/enrick.cat\\\/tocat-del-bolet\\\/\"]}]},{\"@type\":\"BreadcrumbList\",\"@id\":\"https:\\\/\\\/enrick.cat\\\/tocat-del-bolet\\\/#breadcrumb\",\"itemListElement\":[{\"@type\":\"ListItem\",\"position\":1,\"name\":\"Inici\",\"item\":\"https:\\\/\\\/enrick.cat\\\/\"},{\"@type\":\"ListItem\",\"position\":2,\"name\":\"Tocat del bolet\"}]},{\"@type\":\"WebSite\",\"@id\":\"https:\\\/\\\/enrick.cat\\\/#website\",\"url\":\"https:\\\/\\\/enrick.cat\\\/\",\"name\":\"En Rick | No s\u00e9 ballar ja disponible\",\"description\":\"El teu Sapastre de confian\u00e7a\",\"publisher\":{\"@id\":\"https:\\\/\\\/enrick.cat\\\/#\\\/schema\\\/person\\\/493db02099da031b2a43b4a948e6aa9e\"},\"potentialAction\":[{\"@type\":\"SearchAction\",\"target\":{\"@type\":\"EntryPoint\",\"urlTemplate\":\"https:\\\/\\\/enrick.cat\\\/?s={search_term_string}\"},\"query-input\":{\"@type\":\"PropertyValueSpecification\",\"valueRequired\":true,\"valueName\":\"search_term_string\"}}],\"inLanguage\":\"es\"},{\"@type\":[\"Person\",\"Organization\"],\"@id\":\"https:\\\/\\\/enrick.cat\\\/#\\\/schema\\\/person\\\/493db02099da031b2a43b4a948e6aa9e\",\"name\":\"En Rick\",\"image\":{\"@type\":\"ImageObject\",\"inLanguage\":\"es\",\"@id\":\"https:\\\/\\\/enrick.cat\\\/wp-content\\\/uploads\\\/2023\\\/09\\\/cropped-Logo_n-png.avif\",\"url\":\"https:\\\/\\\/enrick.cat\\\/wp-content\\\/uploads\\\/2023\\\/09\\\/cropped-Logo_n-png.avif\",\"contentUrl\":\"https:\\\/\\\/enrick.cat\\\/wp-content\\\/uploads\\\/2023\\\/09\\\/cropped-Logo_n-png.avif\",\"width\":896,\"height\":253,\"caption\":\"En Rick\"},\"logo\":{\"@id\":\"https:\\\/\\\/enrick.cat\\\/wp-content\\\/uploads\\\/2023\\\/09\\\/cropped-Logo_n-png.avif\"},\"sameAs\":[\"https:\\\/\\\/enrick.cat\"]}]}<\/script>\n<!-- \/ Yoast SEO plugin. -->","yoast_head_json":{"title":"Tocat del bolet - En Rick","robots":{"index":"index","follow":"follow","max-snippet":"max-snippet:-1","max-image-preview":"max-image-preview:large","max-video-preview":"max-video-preview:-1"},"canonical":"https:\/\/enrick.cat\/es\/tocat-del-bolet\/","og_locale":"es_ES","og_type":"article","og_title":"Tocat del bolet - En Rick","og_description":"Tocat del bolet 21\/3\/2025 Estic tocat del boletEstic tocat del boletTothom em diu queTothom em diu queEstic tocat del bolet Estic tocat del boletEstic tocat del boletTothom em diu queTothom em diu queEstic tocat del bolet S&#8217;ha queixat el ve\u00ed de baixDe la tralla que est\u00e0 sonantQue no ent\u00e9n com ens pot agradarTota aquesta m\u00fasica [&hellip;]","og_url":"https:\/\/enrick.cat\/es\/tocat-del-bolet\/","og_site_name":"En Rick","article_modified_time":"2026-04-21T15:24:50+00:00","twitter_card":"summary_large_image","twitter_misc":{"Tiempo de lectura":"2 minutos"},"schema":{"@context":"https:\/\/schema.org","@graph":[{"@type":"WebPage","@id":"https:\/\/enrick.cat\/tocat-del-bolet\/","url":"https:\/\/enrick.cat\/tocat-del-bolet\/","name":"Tocat del bolet - En Rick","isPartOf":{"@id":"https:\/\/enrick.cat\/#website"},"datePublished":"2026-04-21T15:23:10+00:00","dateModified":"2026-04-21T15:24:50+00:00","breadcrumb":{"@id":"https:\/\/enrick.cat\/tocat-del-bolet\/#breadcrumb"},"inLanguage":"es","potentialAction":[{"@type":"ReadAction","target":["https:\/\/enrick.cat\/tocat-del-bolet\/"]}]},{"@type":"BreadcrumbList","@id":"https:\/\/enrick.cat\/tocat-del-bolet\/#breadcrumb","itemListElement":[{"@type":"ListItem","position":1,"name":"Inici","item":"https:\/\/enrick.cat\/"},{"@type":"ListItem","position":2,"name":"Tocat del bolet"}]},{"@type":"WebSite","@id":"https:\/\/enrick.cat\/#website","url":"https:\/\/enrick.cat\/","name":"En Rick | No s\u00e9 ballar ja disponible","description":"El teu Sapastre de confian\u00e7a","publisher":{"@id":"https:\/\/enrick.cat\/#\/schema\/person\/493db02099da031b2a43b4a948e6aa9e"},"potentialAction":[{"@type":"SearchAction","target":{"@type":"EntryPoint","urlTemplate":"https:\/\/enrick.cat\/?s={search_term_string}"},"query-input":{"@type":"PropertyValueSpecification","valueRequired":true,"valueName":"search_term_string"}}],"inLanguage":"es"},{"@type":["Person","Organization"],"@id":"https:\/\/enrick.cat\/#\/schema\/person\/493db02099da031b2a43b4a948e6aa9e","name":"En Rick","image":{"@type":"ImageObject","inLanguage":"es","@id":"https:\/\/enrick.cat\/wp-content\/uploads\/2023\/09\/cropped-Logo_n-png.avif","url":"https:\/\/enrick.cat\/wp-content\/uploads\/2023\/09\/cropped-Logo_n-png.avif","contentUrl":"https:\/\/enrick.cat\/wp-content\/uploads\/2023\/09\/cropped-Logo_n-png.avif","width":896,"height":253,"caption":"En Rick"},"logo":{"@id":"https:\/\/enrick.cat\/wp-content\/uploads\/2023\/09\/cropped-Logo_n-png.avif"},"sameAs":["https:\/\/enrick.cat"]}]}},"jetpack_sharing_enabled":true,"_links":{"self":[{"href":"https:\/\/enrick.cat\/es\/wp-json\/wp\/v2\/pages\/2952","targetHints":{"allow":["GET"]}}],"collection":[{"href":"https:\/\/enrick.cat\/es\/wp-json\/wp\/v2\/pages"}],"about":[{"href":"https:\/\/enrick.cat\/es\/wp-json\/wp\/v2\/types\/page"}],"author":[{"embeddable":true,"href":"https:\/\/enrick.cat\/es\/wp-json\/wp\/v2\/users\/1"}],"replies":[{"embeddable":true,"href":"https:\/\/enrick.cat\/es\/wp-json\/wp\/v2\/comments?post=2952"}],"version-history":[{"count":7,"href":"https:\/\/enrick.cat\/es\/wp-json\/wp\/v2\/pages\/2952\/revisions"}],"predecessor-version":[{"id":2959,"href":"https:\/\/enrick.cat\/es\/wp-json\/wp\/v2\/pages\/2952\/revisions\/2959"}],"wp:attachment":[{"href":"https:\/\/enrick.cat\/es\/wp-json\/wp\/v2\/media?parent=2952"}],"curies":[{"name":"wp","href":"https:\/\/api.w.org\/{rel}","templated":true}]}}