{"id":2929,"date":"2026-04-21T17:14:32","date_gmt":"2026-04-21T15:14:32","guid":{"rendered":"https:\/\/enrick.cat\/?page_id=2929"},"modified":"2026-04-21T17:18:25","modified_gmt":"2026-04-21T15:18:25","slug":"sintetitzat","status":"publish","type":"page","link":"https:\/\/enrick.cat\/es\/sintetitzat\/","title":{"rendered":"Sintetitzat"},"content":{"rendered":"<div data-elementor-type=\"wp-page\" data-elementor-id=\"2929\" class=\"elementor elementor-2929\" data-elementor-post-type=\"page\">\n\t\t\t\t\t\t<section class=\"elementor-section elementor-top-section elementor-element elementor-element-12e2a76 elementor-section-boxed elementor-section-height-default elementor-section-height-default\" data-id=\"12e2a76\" data-element_type=\"section\" data-e-type=\"section\" data-settings=\"{&quot;background_background&quot;:&quot;classic&quot;}\">\n\t\t\t\t\t\t<div class=\"elementor-container elementor-column-gap-default\">\n\t\t\t\t\t<div class=\"elementor-column elementor-col-100 elementor-top-column elementor-element elementor-element-70dab47\" data-id=\"70dab47\" data-element_type=\"column\" data-e-type=\"column\">\n\t\t\t<div class=\"elementor-widget-wrap elementor-element-populated\">\n\t\t\t\t\t\t<div class=\"elementor-element elementor-element-96903d4 elementor-widget elementor-widget-spacer\" data-id=\"96903d4\" data-element_type=\"widget\" data-e-type=\"widget\" data-widget_type=\"spacer.default\">\n\t\t\t\t<div class=\"elementor-widget-container\">\n\t\t\t\t\t\t\t<div class=\"elementor-spacer\">\n\t\t\t<div class=\"elementor-spacer-inner\"><\/div>\n\t\t<\/div>\n\t\t\t\t\t\t<\/div>\n\t\t\t\t<\/div>\n\t\t\t\t<div class=\"elementor-element elementor-element-fba37b8 elementor-widget elementor-widget-heading\" data-id=\"fba37b8\" data-element_type=\"widget\" data-e-type=\"widget\" data-widget_type=\"heading.default\">\n\t\t\t\t<div class=\"elementor-widget-container\">\n\t\t\t\t\t<h2 class=\"elementor-heading-title elementor-size-default\">Sintetitzat<\/h2>\t\t\t\t<\/div>\n\t\t\t\t<\/div>\n\t\t\t\t<div class=\"elementor-element elementor-element-7b972e6 elementor-widget elementor-widget-heading\" data-id=\"7b972e6\" data-element_type=\"widget\" data-e-type=\"widget\" data-widget_type=\"heading.default\">\n\t\t\t\t<div class=\"elementor-widget-container\">\n\t\t\t\t\t<h6 class=\"elementor-heading-title elementor-size-default\">20\/2\/2026<\/h6>\t\t\t\t<\/div>\n\t\t\t\t<\/div>\n\t\t\t\t<section class=\"elementor-section elementor-inner-section elementor-element elementor-element-b18fb8f elementor-section-boxed elementor-section-height-default elementor-section-height-default\" data-id=\"b18fb8f\" data-element_type=\"section\" data-e-type=\"section\">\n\t\t\t\t\t\t<div class=\"elementor-container elementor-column-gap-default\">\n\t\t\t\t\t<div class=\"elementor-column elementor-col-100 elementor-inner-column elementor-element elementor-element-7a20008\" data-id=\"7a20008\" data-element_type=\"column\" data-e-type=\"column\" data-settings=\"{&quot;background_background&quot;:&quot;classic&quot;}\">\n\t\t\t<div class=\"elementor-widget-wrap elementor-element-populated\">\n\t\t\t\t\t\t<div class=\"elementor-element elementor-element-1e39e32 elementor-widget elementor-widget-text-editor\" data-id=\"1e39e32\" data-element_type=\"widget\" data-e-type=\"widget\" data-widget_type=\"text-editor.default\">\n\t\t\t\t<div class=\"elementor-widget-container\">\n\t\t\t\t\t\t\t\t\t<p>Cora no entenc per qu\u00e8<br \/>Ja no saps el que fer<br \/>Saps que estic als teus peus<br \/>I no puc oblidar<br \/>Tot all\u00f2 que em vas fer<br \/>I ara digues per qu\u00e8<br \/>Ja no hi veus m\u00e9s enll\u00e0<br \/>Si ara em vols fer dubtar<br \/>Ja no em facis m\u00e9s mal<br \/>Ara no et far\u00e9 cas<\/p><p>\u00a0<\/p><p>Porto setmanes que no et reconeixo<br \/>Que em poden les ganes per\u00f2 tu no segueixes<br \/>Barreges les coses i em faig un merder<br \/>Entre el que vull, el que penso<br \/>I el que acabo fent<br \/>Aqu\u00ed alg\u00fa s&#8217;est\u00e0 equivocant<br \/>Hi ha un sol cotxe per\u00f2 tres volants<br \/>No \u00e9s que fos f\u00e0cil \u00e9s que no sabies<br \/>A quin joc est\u00e0vem jugant<\/p><p>\u00a0<\/p><p>I tu b\u00e9 que et creies real<br \/>I l&#8217;h\u00f2stia ha vingut de regal<br \/>Del natural a artificial<br \/>Barreres fan d&#8217;aquest prat un corral<br \/>Ara que et sents atrapat<br \/>Tu sol t&#8217;has sintetitzat<br \/>Tu solet has amagat<\/p><p>\u00a0<\/p><p>Cora no entenc per qu\u00e8<br \/>Ja no saps el que fer<br \/>Saps que estic als teus peus<br \/>I no puc oblidar<br \/>Tot all\u00f2 que em vas fer<br \/>I ara digues per qu\u00e8<br \/>Ja no hi veus m\u00e9s enll\u00e0<br \/>Si ara em vols fer dubtar<br \/>Ja no em facis m\u00e9s mal<br \/>Ara no et far\u00e9 cas<\/p><p>\u00a0<\/p><p>I quan vols fer, t&#8217;espero<br \/>I quan vols, jo accelero<br \/>I quan vols que destrossi el que hem viscut<br \/>Jo ho cremo<br \/>Ara et quedes amb cendra a les mans<br \/>Ignorant el que tens al davant<br \/>Recordant el que tenies abans<br \/>Sintetitzat<\/p><p>\u00a0<\/p><p>I tu no saps el que vols<br \/>I avui te la sua tot<br \/>I vull descobrir qu\u00e8 vols<br \/>I vull, saps que vull<br \/>Que t&#8217;aclaris que no estem pas sols<br \/>I vull que no em miris de re\u00fcll<br \/>Quan ignori el teu orgull<br \/>Saps que estic pendent de tu<br \/>Estic perdut i em pregunto un<br \/>Altre cop el per qu\u00e8<\/p><p>\u00a0<\/p><p>Ja no saps el que fer<br \/>Saps que estic als teus peus<br \/>I no puc oblidar<br \/>Tot all\u00f2 que em vas fer<br \/>I ara digues per qu\u00e8<br \/>Ja no hi veus m\u00e9s enll\u00e0<br \/>Si ara em vols fer dubtar<br \/>Ja no em facis m\u00e9s mal<br \/>Ara no et far\u00e9 cas<\/p><p>\u00a0<\/p><p>Perqu\u00e8 est\u00e0s sintetitzat<br \/>Perqu\u00e8 est\u00e0s sintetitzat<br \/>Perqu\u00e8 est\u00e0s sintetitzat<br \/>Perqu\u00e8 est\u00e0s sintetitzat<\/p>\t\t\t\t\t\t\t\t<\/div>\n\t\t\t\t<\/div>\n\t\t\t\t\t<\/div>\n\t\t<\/div>\n\t\t\t\t\t<\/div>\n\t\t<\/section>\n\t\t\t\t<div class=\"elementor-element elementor-element-81bd51b elementor-widget elementor-widget-spacer\" data-id=\"81bd51b\" data-element_type=\"widget\" data-e-type=\"widget\" data-widget_type=\"spacer.default\">\n\t\t\t\t<div class=\"elementor-widget-container\">\n\t\t\t\t\t\t\t<div class=\"elementor-spacer\">\n\t\t\t<div class=\"elementor-spacer-inner\"><\/div>\n\t\t<\/div>\n\t\t\t\t\t\t<\/div>\n\t\t\t\t<\/div>\n\t\t\t\t<div class=\"elementor-element elementor-element-4d80605 elementor-widget elementor-widget-heading\" data-id=\"4d80605\" data-element_type=\"widget\" data-e-type=\"widget\" data-widget_type=\"heading.default\">\n\t\t\t\t<div class=\"elementor-widget-container\">\n\t\t\t\t\t<h6 class=\"elementor-heading-title elementor-size-default\">ESCOLTA-LA ARA:<\/h6>\t\t\t\t<\/div>\n\t\t\t\t<\/div>\n\t\t\t\t<div class=\"elementor-element elementor-element-c630980 elementor-widget elementor-widget-html\" data-id=\"c630980\" data-element_type=\"widget\" data-e-type=\"widget\" data-widget_type=\"html.default\">\n\t\t\t\t<div class=\"elementor-widget-container\">\n\t\t\t\t\t<iframe data-testid=\"embed-iframe\" style=\"border-radius:12px\" src=\"https:\/\/open.spotify.com\/embed\/track\/2LcGTo5tcpDYcQvLUDucet?utm_source=generator\" width=\"100%\" height=\"352\" frameborder=\"0\" allowfullscreen=\"\" allow=\"autoplay; clipboard-write; encrypted-media; fullscreen; picture-in-picture\" loading=\"lazy\"><\/iframe>\t\t\t\t<\/div>\n\t\t\t\t<\/div>\n\t\t\t\t<div class=\"elementor-element elementor-element-d869033 elementor-widget elementor-widget-spacer\" data-id=\"d869033\" data-element_type=\"widget\" data-e-type=\"widget\" data-widget_type=\"spacer.default\">\n\t\t\t\t<div class=\"elementor-widget-container\">\n\t\t\t\t\t\t\t<div class=\"elementor-spacer\">\n\t\t\t<div class=\"elementor-spacer-inner\"><\/div>\n\t\t<\/div>\n\t\t\t\t\t\t<\/div>\n\t\t\t\t<\/div>\n\t\t\t\t\t<\/div>\n\t\t<\/div>\n\t\t\t\t\t<\/div>\n\t\t<\/section>\n\t\t\t\t<\/div>","protected":false},"excerpt":{"rendered":"<p>Sintetitzat 20\/2\/2026 Cora no entenc per qu\u00e8Ja no saps el que ferSaps que estic als teus peusI no puc oblidarTot all\u00f2 que em vas ferI ara digues per qu\u00e8Ja no hi veus m\u00e9s enll\u00e0Si ara em vols fer dubtarJa no em facis m\u00e9s malAra no et far\u00e9 cas \u00a0 Porto setmanes que no et reconeixoQue [&hellip;]<\/p>\n","protected":false},"author":1,"featured_media":0,"parent":0,"menu_order":0,"comment_status":"closed","ping_status":"closed","template":"","meta":{"site-sidebar-layout":"no-sidebar","site-content-layout":"page-builder","ast-site-content-layout":"full-width-container","site-content-style":"default","site-sidebar-style":"default","ast-global-header-display":"","ast-banner-title-visibility":"","ast-main-header-display":"","ast-hfb-above-header-display":"","ast-hfb-below-header-display":"","ast-hfb-mobile-header-display":"","site-post-title":"disabled","ast-breadcrumbs-content":"","ast-featured-img":"disabled","footer-sml-layout":"","ast-disable-related-posts":"","theme-transparent-header-meta":"","adv-header-id-meta":"","stick-header-meta":"","header-above-stick-meta":"","header-main-stick-meta":"","header-below-stick-meta":"","astra-migrate-meta-layouts":"set","ast-page-background-enabled":"default","ast-page-background-meta":{"desktop":{"background-color":"var(--ast-global-color-4)","background-image":"","background-repeat":"repeat","background-position":"center center","background-size":"auto","background-attachment":"scroll","background-type":"","background-media":"","overlay-type":"","overlay-color":"","overlay-opacity":"","overlay-gradient":""},"tablet":{"background-color":"","background-image":"","background-repeat":"repeat","background-position":"center center","background-size":"auto","background-attachment":"scroll","background-type":"","background-media":"","overlay-type":"","overlay-color":"","overlay-opacity":"","overlay-gradient":""},"mobile":{"background-color":"","background-image":"","background-repeat":"repeat","background-position":"center center","background-size":"auto","background-attachment":"scroll","background-type":"","background-media":"","overlay-type":"","overlay-color":"","overlay-opacity":"","overlay-gradient":""}},"ast-content-background-meta":{"desktop":{"background-color":"var(--ast-global-color-5)","background-image":"","background-repeat":"repeat","background-position":"center center","background-size":"auto","background-attachment":"scroll","background-type":"","background-media":"","overlay-type":"","overlay-color":"","overlay-opacity":"","overlay-gradient":""},"tablet":{"background-color":"var(--ast-global-color-5)","background-image":"","background-repeat":"repeat","background-position":"center center","background-size":"auto","background-attachment":"scroll","background-type":"","background-media":"","overlay-type":"","overlay-color":"","overlay-opacity":"","overlay-gradient":""},"mobile":{"background-color":"var(--ast-global-color-5)","background-image":"","background-repeat":"repeat","background-position":"center center","background-size":"auto","background-attachment":"scroll","background-type":"","background-media":"","overlay-type":"","overlay-color":"","overlay-opacity":"","overlay-gradient":""}},"footnotes":""},"class_list":["post-2929","page","type-page","status-publish","hentry"],"yoast_head":"<!-- This site is optimized with the Yoast SEO plugin v27.5 - https:\/\/yoast.com\/product\/yoast-seo-wordpress\/ -->\n<title>Sintetitzat - En Rick<\/title>\n<meta name=\"robots\" content=\"index, follow, max-snippet:-1, max-image-preview:large, max-video-preview:-1\" \/>\n<link rel=\"canonical\" href=\"https:\/\/enrick.cat\/es\/sintetitzat\/\" \/>\n<meta property=\"og:locale\" content=\"es_ES\" \/>\n<meta property=\"og:type\" content=\"article\" \/>\n<meta property=\"og:title\" content=\"Sintetitzat - En Rick\" \/>\n<meta property=\"og:description\" content=\"Sintetitzat 20\/2\/2026 Cora no entenc per qu\u00e8Ja no saps el que ferSaps que estic als teus peusI no puc oblidarTot all\u00f2 que em vas ferI ara digues per qu\u00e8Ja no hi veus m\u00e9s enll\u00e0Si ara em vols fer dubtarJa no em facis m\u00e9s malAra no et far\u00e9 cas \u00a0 Porto setmanes que no et reconeixoQue [&hellip;]\" \/>\n<meta property=\"og:url\" content=\"https:\/\/enrick.cat\/es\/sintetitzat\/\" \/>\n<meta property=\"og:site_name\" content=\"En Rick\" \/>\n<meta property=\"article:modified_time\" content=\"2026-04-21T15:18:25+00:00\" \/>\n<meta name=\"twitter:card\" content=\"summary_large_image\" \/>\n<meta name=\"twitter:label1\" content=\"Tiempo de lectura\" \/>\n\t<meta name=\"twitter:data1\" content=\"3 minutos\" \/>\n<script type=\"application\/ld+json\" class=\"yoast-schema-graph\">{\"@context\":\"https:\\\/\\\/schema.org\",\"@graph\":[{\"@type\":\"WebPage\",\"@id\":\"https:\\\/\\\/enrick.cat\\\/sintetitzat\\\/\",\"url\":\"https:\\\/\\\/enrick.cat\\\/sintetitzat\\\/\",\"name\":\"Sintetitzat - En Rick\",\"isPartOf\":{\"@id\":\"https:\\\/\\\/enrick.cat\\\/#website\"},\"datePublished\":\"2026-04-21T15:14:32+00:00\",\"dateModified\":\"2026-04-21T15:18:25+00:00\",\"breadcrumb\":{\"@id\":\"https:\\\/\\\/enrick.cat\\\/sintetitzat\\\/#breadcrumb\"},\"inLanguage\":\"es\",\"potentialAction\":[{\"@type\":\"ReadAction\",\"target\":[\"https:\\\/\\\/enrick.cat\\\/sintetitzat\\\/\"]}]},{\"@type\":\"BreadcrumbList\",\"@id\":\"https:\\\/\\\/enrick.cat\\\/sintetitzat\\\/#breadcrumb\",\"itemListElement\":[{\"@type\":\"ListItem\",\"position\":1,\"name\":\"Inici\",\"item\":\"https:\\\/\\\/enrick.cat\\\/\"},{\"@type\":\"ListItem\",\"position\":2,\"name\":\"Sintetitzat\"}]},{\"@type\":\"WebSite\",\"@id\":\"https:\\\/\\\/enrick.cat\\\/#website\",\"url\":\"https:\\\/\\\/enrick.cat\\\/\",\"name\":\"En Rick | No s\u00e9 ballar ja disponible\",\"description\":\"El teu Sapastre de confian\u00e7a\",\"publisher\":{\"@id\":\"https:\\\/\\\/enrick.cat\\\/#\\\/schema\\\/person\\\/493db02099da031b2a43b4a948e6aa9e\"},\"potentialAction\":[{\"@type\":\"SearchAction\",\"target\":{\"@type\":\"EntryPoint\",\"urlTemplate\":\"https:\\\/\\\/enrick.cat\\\/?s={search_term_string}\"},\"query-input\":{\"@type\":\"PropertyValueSpecification\",\"valueRequired\":true,\"valueName\":\"search_term_string\"}}],\"inLanguage\":\"es\"},{\"@type\":[\"Person\",\"Organization\"],\"@id\":\"https:\\\/\\\/enrick.cat\\\/#\\\/schema\\\/person\\\/493db02099da031b2a43b4a948e6aa9e\",\"name\":\"En Rick\",\"image\":{\"@type\":\"ImageObject\",\"inLanguage\":\"es\",\"@id\":\"https:\\\/\\\/enrick.cat\\\/wp-content\\\/uploads\\\/2023\\\/09\\\/cropped-Logo_n-png.avif\",\"url\":\"https:\\\/\\\/enrick.cat\\\/wp-content\\\/uploads\\\/2023\\\/09\\\/cropped-Logo_n-png.avif\",\"contentUrl\":\"https:\\\/\\\/enrick.cat\\\/wp-content\\\/uploads\\\/2023\\\/09\\\/cropped-Logo_n-png.avif\",\"width\":896,\"height\":253,\"caption\":\"En Rick\"},\"logo\":{\"@id\":\"https:\\\/\\\/enrick.cat\\\/wp-content\\\/uploads\\\/2023\\\/09\\\/cropped-Logo_n-png.avif\"},\"sameAs\":[\"https:\\\/\\\/enrick.cat\"]}]}<\/script>\n<!-- \/ Yoast SEO plugin. -->","yoast_head_json":{"title":"Sintetitzat - En Rick","robots":{"index":"index","follow":"follow","max-snippet":"max-snippet:-1","max-image-preview":"max-image-preview:large","max-video-preview":"max-video-preview:-1"},"canonical":"https:\/\/enrick.cat\/es\/sintetitzat\/","og_locale":"es_ES","og_type":"article","og_title":"Sintetitzat - En Rick","og_description":"Sintetitzat 20\/2\/2026 Cora no entenc per qu\u00e8Ja no saps el que ferSaps que estic als teus peusI no puc oblidarTot all\u00f2 que em vas ferI ara digues per qu\u00e8Ja no hi veus m\u00e9s enll\u00e0Si ara em vols fer dubtarJa no em facis m\u00e9s malAra no et far\u00e9 cas \u00a0 Porto setmanes que no et reconeixoQue [&hellip;]","og_url":"https:\/\/enrick.cat\/es\/sintetitzat\/","og_site_name":"En Rick","article_modified_time":"2026-04-21T15:18:25+00:00","twitter_card":"summary_large_image","twitter_misc":{"Tiempo de lectura":"3 minutos"},"schema":{"@context":"https:\/\/schema.org","@graph":[{"@type":"WebPage","@id":"https:\/\/enrick.cat\/sintetitzat\/","url":"https:\/\/enrick.cat\/sintetitzat\/","name":"Sintetitzat - En Rick","isPartOf":{"@id":"https:\/\/enrick.cat\/#website"},"datePublished":"2026-04-21T15:14:32+00:00","dateModified":"2026-04-21T15:18:25+00:00","breadcrumb":{"@id":"https:\/\/enrick.cat\/sintetitzat\/#breadcrumb"},"inLanguage":"es","potentialAction":[{"@type":"ReadAction","target":["https:\/\/enrick.cat\/sintetitzat\/"]}]},{"@type":"BreadcrumbList","@id":"https:\/\/enrick.cat\/sintetitzat\/#breadcrumb","itemListElement":[{"@type":"ListItem","position":1,"name":"Inici","item":"https:\/\/enrick.cat\/"},{"@type":"ListItem","position":2,"name":"Sintetitzat"}]},{"@type":"WebSite","@id":"https:\/\/enrick.cat\/#website","url":"https:\/\/enrick.cat\/","name":"En Rick | No s\u00e9 ballar ja disponible","description":"El teu Sapastre de confian\u00e7a","publisher":{"@id":"https:\/\/enrick.cat\/#\/schema\/person\/493db02099da031b2a43b4a948e6aa9e"},"potentialAction":[{"@type":"SearchAction","target":{"@type":"EntryPoint","urlTemplate":"https:\/\/enrick.cat\/?s={search_term_string}"},"query-input":{"@type":"PropertyValueSpecification","valueRequired":true,"valueName":"search_term_string"}}],"inLanguage":"es"},{"@type":["Person","Organization"],"@id":"https:\/\/enrick.cat\/#\/schema\/person\/493db02099da031b2a43b4a948e6aa9e","name":"En Rick","image":{"@type":"ImageObject","inLanguage":"es","@id":"https:\/\/enrick.cat\/wp-content\/uploads\/2023\/09\/cropped-Logo_n-png.avif","url":"https:\/\/enrick.cat\/wp-content\/uploads\/2023\/09\/cropped-Logo_n-png.avif","contentUrl":"https:\/\/enrick.cat\/wp-content\/uploads\/2023\/09\/cropped-Logo_n-png.avif","width":896,"height":253,"caption":"En Rick"},"logo":{"@id":"https:\/\/enrick.cat\/wp-content\/uploads\/2023\/09\/cropped-Logo_n-png.avif"},"sameAs":["https:\/\/enrick.cat"]}]}},"jetpack_sharing_enabled":true,"_links":{"self":[{"href":"https:\/\/enrick.cat\/es\/wp-json\/wp\/v2\/pages\/2929","targetHints":{"allow":["GET"]}}],"collection":[{"href":"https:\/\/enrick.cat\/es\/wp-json\/wp\/v2\/pages"}],"about":[{"href":"https:\/\/enrick.cat\/es\/wp-json\/wp\/v2\/types\/page"}],"author":[{"embeddable":true,"href":"https:\/\/enrick.cat\/es\/wp-json\/wp\/v2\/users\/1"}],"replies":[{"embeddable":true,"href":"https:\/\/enrick.cat\/es\/wp-json\/wp\/v2\/comments?post=2929"}],"version-history":[{"count":7,"href":"https:\/\/enrick.cat\/es\/wp-json\/wp\/v2\/pages\/2929\/revisions"}],"predecessor-version":[{"id":2936,"href":"https:\/\/enrick.cat\/es\/wp-json\/wp\/v2\/pages\/2929\/revisions\/2936"}],"wp:attachment":[{"href":"https:\/\/enrick.cat\/es\/wp-json\/wp\/v2\/media?parent=2929"}],"curies":[{"name":"wp","href":"https:\/\/api.w.org\/{rel}","templated":true}]}}