{"id":2904,"date":"2026-04-21T17:07:54","date_gmt":"2026-04-21T15:07:54","guid":{"rendered":"https:\/\/enrick.cat\/?page_id=2904"},"modified":"2026-04-21T17:13:39","modified_gmt":"2026-04-21T15:13:39","slug":"tenyoro","status":"publish","type":"page","link":"https:\/\/enrick.cat\/es\/tenyoro\/","title":{"rendered":"T&#8217;enyoro"},"content":{"rendered":"<div data-elementor-type=\"wp-page\" data-elementor-id=\"2904\" class=\"elementor elementor-2904\" data-elementor-post-type=\"page\">\n\t\t\t\t\t\t<section class=\"elementor-section elementor-top-section elementor-element elementor-element-327b879 elementor-section-boxed elementor-section-height-default elementor-section-height-default\" data-id=\"327b879\" data-element_type=\"section\" data-e-type=\"section\" data-settings=\"{&quot;background_background&quot;:&quot;classic&quot;}\">\n\t\t\t\t\t\t<div class=\"elementor-container elementor-column-gap-default\">\n\t\t\t\t\t<div class=\"elementor-column elementor-col-100 elementor-top-column elementor-element elementor-element-7b0e0b8\" data-id=\"7b0e0b8\" data-element_type=\"column\" data-e-type=\"column\">\n\t\t\t<div class=\"elementor-widget-wrap elementor-element-populated\">\n\t\t\t\t\t\t<div class=\"elementor-element elementor-element-f123b24 elementor-widget elementor-widget-spacer\" data-id=\"f123b24\" data-element_type=\"widget\" data-e-type=\"widget\" data-widget_type=\"spacer.default\">\n\t\t\t\t<div class=\"elementor-widget-container\">\n\t\t\t\t\t\t\t<div class=\"elementor-spacer\">\n\t\t\t<div class=\"elementor-spacer-inner\"><\/div>\n\t\t<\/div>\n\t\t\t\t\t\t<\/div>\n\t\t\t\t<\/div>\n\t\t\t\t<div class=\"elementor-element elementor-element-42b6866 elementor-widget elementor-widget-heading\" data-id=\"42b6866\" data-element_type=\"widget\" data-e-type=\"widget\" data-widget_type=\"heading.default\">\n\t\t\t\t<div class=\"elementor-widget-container\">\n\t\t\t\t\t<h2 class=\"elementor-heading-title elementor-size-default\">T'enyoro<\/h2>\t\t\t\t<\/div>\n\t\t\t\t<\/div>\n\t\t\t\t<div class=\"elementor-element elementor-element-3952a24 elementor-widget elementor-widget-heading\" data-id=\"3952a24\" data-element_type=\"widget\" data-e-type=\"widget\" data-widget_type=\"heading.default\">\n\t\t\t\t<div class=\"elementor-widget-container\">\n\t\t\t\t\t<h6 class=\"elementor-heading-title elementor-size-default\">ft. Caxito &amp; Yuma<\/h6>\t\t\t\t<\/div>\n\t\t\t\t<\/div>\n\t\t\t\t<div class=\"elementor-element elementor-element-1ff9c75 elementor-widget elementor-widget-heading\" data-id=\"1ff9c75\" data-element_type=\"widget\" data-e-type=\"widget\" data-widget_type=\"heading.default\">\n\t\t\t\t<div class=\"elementor-widget-container\">\n\t\t\t\t\t<h6 class=\"elementor-heading-title elementor-size-default\">7\/2\/2025<\/h6>\t\t\t\t<\/div>\n\t\t\t\t<\/div>\n\t\t\t\t<section class=\"elementor-section elementor-inner-section elementor-element elementor-element-bac8ddc elementor-section-boxed elementor-section-height-default elementor-section-height-default\" data-id=\"bac8ddc\" data-element_type=\"section\" data-e-type=\"section\">\n\t\t\t\t\t\t<div class=\"elementor-container elementor-column-gap-default\">\n\t\t\t\t\t<div class=\"elementor-column elementor-col-100 elementor-inner-column elementor-element elementor-element-dc38228\" data-id=\"dc38228\" data-element_type=\"column\" data-e-type=\"column\" data-settings=\"{&quot;background_background&quot;:&quot;classic&quot;}\">\n\t\t\t<div class=\"elementor-widget-wrap elementor-element-populated\">\n\t\t\t\t\t\t<div class=\"elementor-element elementor-element-245dd06 elementor-widget elementor-widget-text-editor\" data-id=\"245dd06\" data-element_type=\"widget\" data-e-type=\"widget\" data-widget_type=\"text-editor.default\">\n\t\t\t\t<div class=\"elementor-widget-container\">\n\t\t\t\t\t\t\t\t\t<p>T\u2019enyoro quan cau la pantalla<br \/>Em trobo perdut als meus bra\u00e7os<br \/>I torno a perdre\u2019m en les nostres fotos<br \/>De quan \u00e9rem nins<br \/><br \/>Amor no ho intentis<br \/>Si ha fracassat una vegada fracassar\u00e0 dos i fracassar\u00e0 cent mil<br \/>S\u00e9 b\u00e9 que m\u2019enyores amor ja no fa falta inventis baby<br \/>He vist al Spoti for artist que m\u2019has posat a la playlist<br \/>Que te posaves quan m\u2019enyoraves, si no anava del tot b\u00e9 la setmana<br \/><br \/>I cada rac\u00f3 de l\u2019habitaci\u00f3 em recorda a tu, m\u2019ho recorda tot<br \/>Si tornar\u00e0s, trobo a faltar quan ens barall\u00e0vem com gat i gos<br \/>I ara quan parlo la cago millor quan em callaves tu<br \/>S\u00e9 que ser\u00e0 complicat tornar a comen\u00e7ar sense pensar amb tu<br \/><br \/>Tinc un guirigall de veus a dintre el meu cap que dona voltes<br \/>I no puc parar de pensar en buscar una altra forma<br \/>De dir-te que et trobo a faltar<br \/>Aix\u00ed que et dic que<br \/><br \/>T\u2019enyoro quan cau la pantalla<br \/>Em trobo perdut als meus bra\u00e7os<br \/>I torno a perdre\u2019m en les nostres fotos<br \/>De quan \u00e9rem nins<br \/><br \/>I torno a cridar sense cordes vocals<br \/>El teu nom no para de ressonar<br \/>No s\u00e9 per qu\u00e8 no puc recordar<br \/>Ni un sol moment en qu\u00e8 no ens f\u00e9ssim mal<br \/>Per\u00f2 dintre els teus ulls tens un mar sense sal<br \/>Si em mires dos cops jo m&#8217;hi tiro de cap<br \/>Com la meva ombra et trobo all\u00e0 on vaig<br \/>Ets la dopamina que porto a la sang<br \/><br \/>Tu ets sa que me recorda que ses coses van i venen<br \/>Que en q\u00fcesti\u00f3 d\u2019un segon tot aquest m\u00f3n se frena<br \/>Nom\u00e9s per sentir-te xerrar te promet que he cercat i cercat<br \/>S\u2019antidot per aquesta pena,<br \/>no el trob enfora de sa teva acera,<br \/>vull dir ca nostra no vull dir cameva<br \/><br \/>He passat tant temps buscant-te que m\u2019he perdut a mi<br \/>T\u2019he trobat en altres galtes per\u00f2 no entre els meus dits<br \/>Encara espero cada dia que em diguis bona nit<br \/>Per\u00f2 el desig de tornar a veure\u2019t es comen\u00e7a a esvair<br \/><br \/>T\u2019enyoro quan cau la pantalla<br \/>Em trobo perdut als meus bra\u00e7os<br \/>I torno a perdre\u2019m en les nostres fotos<br \/>De quan \u00e9rem nins<\/p>\t\t\t\t\t\t\t\t<\/div>\n\t\t\t\t<\/div>\n\t\t\t\t\t<\/div>\n\t\t<\/div>\n\t\t\t\t\t<\/div>\n\t\t<\/section>\n\t\t\t\t<div class=\"elementor-element elementor-element-1426759 elementor-widget elementor-widget-spacer\" data-id=\"1426759\" data-element_type=\"widget\" data-e-type=\"widget\" data-widget_type=\"spacer.default\">\n\t\t\t\t<div class=\"elementor-widget-container\">\n\t\t\t\t\t\t\t<div class=\"elementor-spacer\">\n\t\t\t<div class=\"elementor-spacer-inner\"><\/div>\n\t\t<\/div>\n\t\t\t\t\t\t<\/div>\n\t\t\t\t<\/div>\n\t\t\t\t<div class=\"elementor-element elementor-element-0037496 elementor-widget elementor-widget-heading\" data-id=\"0037496\" data-element_type=\"widget\" data-e-type=\"widget\" data-widget_type=\"heading.default\">\n\t\t\t\t<div class=\"elementor-widget-container\">\n\t\t\t\t\t<h6 class=\"elementor-heading-title elementor-size-default\">ESCOLTA-LA ARA:<\/h6>\t\t\t\t<\/div>\n\t\t\t\t<\/div>\n\t\t\t\t<div class=\"elementor-element elementor-element-2541578 elementor-widget elementor-widget-html\" data-id=\"2541578\" data-element_type=\"widget\" data-e-type=\"widget\" data-widget_type=\"html.default\">\n\t\t\t\t<div class=\"elementor-widget-container\">\n\t\t\t\t\t<iframe data-testid=\"embed-iframe\" style=\"border-radius:12px\" src=\"https:\/\/open.spotify.com\/embed\/track\/1YKUZtRXZby8rEDVYspqDA?utm_source=generator\" width=\"100%\" height=\"352\" frameborder=\"0\" allowfullscreen=\"\" allow=\"autoplay; clipboard-write; encrypted-media; fullscreen; picture-in-picture\" loading=\"lazy\"><\/iframe>\t\t\t\t<\/div>\n\t\t\t\t<\/div>\n\t\t\t\t<div class=\"elementor-element elementor-element-023f35b elementor-widget elementor-widget-spacer\" data-id=\"023f35b\" data-element_type=\"widget\" data-e-type=\"widget\" data-widget_type=\"spacer.default\">\n\t\t\t\t<div class=\"elementor-widget-container\">\n\t\t\t\t\t\t\t<div class=\"elementor-spacer\">\n\t\t\t<div class=\"elementor-spacer-inner\"><\/div>\n\t\t<\/div>\n\t\t\t\t\t\t<\/div>\n\t\t\t\t<\/div>\n\t\t\t\t\t<\/div>\n\t\t<\/div>\n\t\t\t\t\t<\/div>\n\t\t<\/section>\n\t\t\t\t<\/div>","protected":false},"excerpt":{"rendered":"<p>T&#8217;enyoro ft. Caxito &amp; Yuma 7\/2\/2025 T\u2019enyoro quan cau la pantallaEm trobo perdut als meus bra\u00e7osI torno a perdre\u2019m en les nostres fotosDe quan \u00e9rem nins Amor no ho intentisSi ha fracassat una vegada fracassar\u00e0 dos i fracassar\u00e0 cent milS\u00e9 b\u00e9 que m\u2019enyores amor ja no fa falta inventis babyHe vist al Spoti for artist [&hellip;]<\/p>\n","protected":false},"author":1,"featured_media":0,"parent":0,"menu_order":0,"comment_status":"closed","ping_status":"closed","template":"","meta":{"site-sidebar-layout":"no-sidebar","site-content-layout":"page-builder","ast-site-content-layout":"full-width-container","site-content-style":"default","site-sidebar-style":"default","ast-global-header-display":"","ast-banner-title-visibility":"","ast-main-header-display":"","ast-hfb-above-header-display":"","ast-hfb-below-header-display":"","ast-hfb-mobile-header-display":"","site-post-title":"disabled","ast-breadcrumbs-content":"","ast-featured-img":"disabled","footer-sml-layout":"","ast-disable-related-posts":"","theme-transparent-header-meta":"","adv-header-id-meta":"","stick-header-meta":"","header-above-stick-meta":"","header-main-stick-meta":"","header-below-stick-meta":"","astra-migrate-meta-layouts":"set","ast-page-background-enabled":"default","ast-page-background-meta":{"desktop":{"background-color":"var(--ast-global-color-4)","background-image":"","background-repeat":"repeat","background-position":"center center","background-size":"auto","background-attachment":"scroll","background-type":"","background-media":"","overlay-type":"","overlay-color":"","overlay-opacity":"","overlay-gradient":""},"tablet":{"background-color":"","background-image":"","background-repeat":"repeat","background-position":"center center","background-size":"auto","background-attachment":"scroll","background-type":"","background-media":"","overlay-type":"","overlay-color":"","overlay-opacity":"","overlay-gradient":""},"mobile":{"background-color":"","background-image":"","background-repeat":"repeat","background-position":"center center","background-size":"auto","background-attachment":"scroll","background-type":"","background-media":"","overlay-type":"","overlay-color":"","overlay-opacity":"","overlay-gradient":""}},"ast-content-background-meta":{"desktop":{"background-color":"var(--ast-global-color-5)","background-image":"","background-repeat":"repeat","background-position":"center center","background-size":"auto","background-attachment":"scroll","background-type":"","background-media":"","overlay-type":"","overlay-color":"","overlay-opacity":"","overlay-gradient":""},"tablet":{"background-color":"var(--ast-global-color-5)","background-image":"","background-repeat":"repeat","background-position":"center center","background-size":"auto","background-attachment":"scroll","background-type":"","background-media":"","overlay-type":"","overlay-color":"","overlay-opacity":"","overlay-gradient":""},"mobile":{"background-color":"var(--ast-global-color-5)","background-image":"","background-repeat":"repeat","background-position":"center center","background-size":"auto","background-attachment":"scroll","background-type":"","background-media":"","overlay-type":"","overlay-color":"","overlay-opacity":"","overlay-gradient":""}},"footnotes":""},"class_list":["post-2904","page","type-page","status-publish","hentry"],"yoast_head":"<!-- This site is optimized with the Yoast SEO plugin v27.5 - https:\/\/yoast.com\/product\/yoast-seo-wordpress\/ -->\n<title>T&#039;enyoro - En Rick<\/title>\n<meta name=\"robots\" content=\"index, follow, max-snippet:-1, max-image-preview:large, max-video-preview:-1\" \/>\n<link rel=\"canonical\" href=\"https:\/\/enrick.cat\/es\/tenyoro\/\" \/>\n<meta property=\"og:locale\" content=\"es_ES\" \/>\n<meta property=\"og:type\" content=\"article\" \/>\n<meta property=\"og:title\" content=\"T&#039;enyoro - En Rick\" \/>\n<meta property=\"og:description\" content=\"T&#8217;enyoro ft. Caxito &amp; Yuma 7\/2\/2025 T\u2019enyoro quan cau la pantallaEm trobo perdut als meus bra\u00e7osI torno a perdre\u2019m en les nostres fotosDe quan \u00e9rem nins Amor no ho intentisSi ha fracassat una vegada fracassar\u00e0 dos i fracassar\u00e0 cent milS\u00e9 b\u00e9 que m\u2019enyores amor ja no fa falta inventis babyHe vist al Spoti for artist [&hellip;]\" \/>\n<meta property=\"og:url\" content=\"https:\/\/enrick.cat\/es\/tenyoro\/\" \/>\n<meta property=\"og:site_name\" content=\"En Rick\" \/>\n<meta property=\"article:modified_time\" content=\"2026-04-21T15:13:39+00:00\" \/>\n<meta name=\"twitter:card\" content=\"summary_large_image\" \/>\n<meta name=\"twitter:label1\" content=\"Tiempo de lectura\" \/>\n\t<meta name=\"twitter:data1\" content=\"3 minutos\" \/>\n<script type=\"application\/ld+json\" class=\"yoast-schema-graph\">{\"@context\":\"https:\\\/\\\/schema.org\",\"@graph\":[{\"@type\":\"WebPage\",\"@id\":\"https:\\\/\\\/enrick.cat\\\/tenyoro\\\/\",\"url\":\"https:\\\/\\\/enrick.cat\\\/tenyoro\\\/\",\"name\":\"T'enyoro - En Rick\",\"isPartOf\":{\"@id\":\"https:\\\/\\\/enrick.cat\\\/#website\"},\"datePublished\":\"2026-04-21T15:07:54+00:00\",\"dateModified\":\"2026-04-21T15:13:39+00:00\",\"breadcrumb\":{\"@id\":\"https:\\\/\\\/enrick.cat\\\/tenyoro\\\/#breadcrumb\"},\"inLanguage\":\"es\",\"potentialAction\":[{\"@type\":\"ReadAction\",\"target\":[\"https:\\\/\\\/enrick.cat\\\/tenyoro\\\/\"]}]},{\"@type\":\"BreadcrumbList\",\"@id\":\"https:\\\/\\\/enrick.cat\\\/tenyoro\\\/#breadcrumb\",\"itemListElement\":[{\"@type\":\"ListItem\",\"position\":1,\"name\":\"Inici\",\"item\":\"https:\\\/\\\/enrick.cat\\\/\"},{\"@type\":\"ListItem\",\"position\":2,\"name\":\"T&#8217;enyoro\"}]},{\"@type\":\"WebSite\",\"@id\":\"https:\\\/\\\/enrick.cat\\\/#website\",\"url\":\"https:\\\/\\\/enrick.cat\\\/\",\"name\":\"En Rick | No s\u00e9 ballar ja disponible\",\"description\":\"El teu Sapastre de confian\u00e7a\",\"publisher\":{\"@id\":\"https:\\\/\\\/enrick.cat\\\/#\\\/schema\\\/person\\\/493db02099da031b2a43b4a948e6aa9e\"},\"potentialAction\":[{\"@type\":\"SearchAction\",\"target\":{\"@type\":\"EntryPoint\",\"urlTemplate\":\"https:\\\/\\\/enrick.cat\\\/?s={search_term_string}\"},\"query-input\":{\"@type\":\"PropertyValueSpecification\",\"valueRequired\":true,\"valueName\":\"search_term_string\"}}],\"inLanguage\":\"es\"},{\"@type\":[\"Person\",\"Organization\"],\"@id\":\"https:\\\/\\\/enrick.cat\\\/#\\\/schema\\\/person\\\/493db02099da031b2a43b4a948e6aa9e\",\"name\":\"En Rick\",\"image\":{\"@type\":\"ImageObject\",\"inLanguage\":\"es\",\"@id\":\"https:\\\/\\\/enrick.cat\\\/wp-content\\\/uploads\\\/2023\\\/09\\\/cropped-Logo_n-png.avif\",\"url\":\"https:\\\/\\\/enrick.cat\\\/wp-content\\\/uploads\\\/2023\\\/09\\\/cropped-Logo_n-png.avif\",\"contentUrl\":\"https:\\\/\\\/enrick.cat\\\/wp-content\\\/uploads\\\/2023\\\/09\\\/cropped-Logo_n-png.avif\",\"width\":896,\"height\":253,\"caption\":\"En Rick\"},\"logo\":{\"@id\":\"https:\\\/\\\/enrick.cat\\\/wp-content\\\/uploads\\\/2023\\\/09\\\/cropped-Logo_n-png.avif\"},\"sameAs\":[\"https:\\\/\\\/enrick.cat\"]}]}<\/script>\n<!-- \/ Yoast SEO plugin. -->","yoast_head_json":{"title":"T'enyoro - En Rick","robots":{"index":"index","follow":"follow","max-snippet":"max-snippet:-1","max-image-preview":"max-image-preview:large","max-video-preview":"max-video-preview:-1"},"canonical":"https:\/\/enrick.cat\/es\/tenyoro\/","og_locale":"es_ES","og_type":"article","og_title":"T'enyoro - En Rick","og_description":"T&#8217;enyoro ft. Caxito &amp; Yuma 7\/2\/2025 T\u2019enyoro quan cau la pantallaEm trobo perdut als meus bra\u00e7osI torno a perdre\u2019m en les nostres fotosDe quan \u00e9rem nins Amor no ho intentisSi ha fracassat una vegada fracassar\u00e0 dos i fracassar\u00e0 cent milS\u00e9 b\u00e9 que m\u2019enyores amor ja no fa falta inventis babyHe vist al Spoti for artist [&hellip;]","og_url":"https:\/\/enrick.cat\/es\/tenyoro\/","og_site_name":"En Rick","article_modified_time":"2026-04-21T15:13:39+00:00","twitter_card":"summary_large_image","twitter_misc":{"Tiempo de lectura":"3 minutos"},"schema":{"@context":"https:\/\/schema.org","@graph":[{"@type":"WebPage","@id":"https:\/\/enrick.cat\/tenyoro\/","url":"https:\/\/enrick.cat\/tenyoro\/","name":"T'enyoro - En Rick","isPartOf":{"@id":"https:\/\/enrick.cat\/#website"},"datePublished":"2026-04-21T15:07:54+00:00","dateModified":"2026-04-21T15:13:39+00:00","breadcrumb":{"@id":"https:\/\/enrick.cat\/tenyoro\/#breadcrumb"},"inLanguage":"es","potentialAction":[{"@type":"ReadAction","target":["https:\/\/enrick.cat\/tenyoro\/"]}]},{"@type":"BreadcrumbList","@id":"https:\/\/enrick.cat\/tenyoro\/#breadcrumb","itemListElement":[{"@type":"ListItem","position":1,"name":"Inici","item":"https:\/\/enrick.cat\/"},{"@type":"ListItem","position":2,"name":"T&#8217;enyoro"}]},{"@type":"WebSite","@id":"https:\/\/enrick.cat\/#website","url":"https:\/\/enrick.cat\/","name":"En Rick | No s\u00e9 ballar ja disponible","description":"El teu Sapastre de confian\u00e7a","publisher":{"@id":"https:\/\/enrick.cat\/#\/schema\/person\/493db02099da031b2a43b4a948e6aa9e"},"potentialAction":[{"@type":"SearchAction","target":{"@type":"EntryPoint","urlTemplate":"https:\/\/enrick.cat\/?s={search_term_string}"},"query-input":{"@type":"PropertyValueSpecification","valueRequired":true,"valueName":"search_term_string"}}],"inLanguage":"es"},{"@type":["Person","Organization"],"@id":"https:\/\/enrick.cat\/#\/schema\/person\/493db02099da031b2a43b4a948e6aa9e","name":"En Rick","image":{"@type":"ImageObject","inLanguage":"es","@id":"https:\/\/enrick.cat\/wp-content\/uploads\/2023\/09\/cropped-Logo_n-png.avif","url":"https:\/\/enrick.cat\/wp-content\/uploads\/2023\/09\/cropped-Logo_n-png.avif","contentUrl":"https:\/\/enrick.cat\/wp-content\/uploads\/2023\/09\/cropped-Logo_n-png.avif","width":896,"height":253,"caption":"En Rick"},"logo":{"@id":"https:\/\/enrick.cat\/wp-content\/uploads\/2023\/09\/cropped-Logo_n-png.avif"},"sameAs":["https:\/\/enrick.cat"]}]}},"jetpack_sharing_enabled":true,"_links":{"self":[{"href":"https:\/\/enrick.cat\/es\/wp-json\/wp\/v2\/pages\/2904","targetHints":{"allow":["GET"]}}],"collection":[{"href":"https:\/\/enrick.cat\/es\/wp-json\/wp\/v2\/pages"}],"about":[{"href":"https:\/\/enrick.cat\/es\/wp-json\/wp\/v2\/types\/page"}],"author":[{"embeddable":true,"href":"https:\/\/enrick.cat\/es\/wp-json\/wp\/v2\/users\/1"}],"replies":[{"embeddable":true,"href":"https:\/\/enrick.cat\/es\/wp-json\/wp\/v2\/comments?post=2904"}],"version-history":[{"count":10,"href":"https:\/\/enrick.cat\/es\/wp-json\/wp\/v2\/pages\/2904\/revisions"}],"predecessor-version":[{"id":2925,"href":"https:\/\/enrick.cat\/es\/wp-json\/wp\/v2\/pages\/2904\/revisions\/2925"}],"wp:attachment":[{"href":"https:\/\/enrick.cat\/es\/wp-json\/wp\/v2\/media?parent=2904"}],"curies":[{"name":"wp","href":"https:\/\/api.w.org\/{rel}","templated":true}]}}