{"id":2896,"date":"2026-04-21T17:05:59","date_gmt":"2026-04-21T15:05:59","guid":{"rendered":"https:\/\/enrick.cat\/?page_id=2896"},"modified":"2026-04-21T17:13:08","modified_gmt":"2026-04-21T15:13:08","slug":"lesmorzar","status":"publish","type":"page","link":"https:\/\/enrick.cat\/es\/lesmorzar\/","title":{"rendered":"L&#8217;esmorzar"},"content":{"rendered":"<div data-elementor-type=\"wp-page\" data-elementor-id=\"2896\" class=\"elementor elementor-2896\" data-elementor-post-type=\"page\">\n\t\t\t\t\t\t<section class=\"elementor-section elementor-top-section elementor-element elementor-element-9d592b6 elementor-section-boxed elementor-section-height-default elementor-section-height-default\" data-id=\"9d592b6\" data-element_type=\"section\" data-e-type=\"section\" data-settings=\"{&quot;background_background&quot;:&quot;classic&quot;}\">\n\t\t\t\t\t\t<div class=\"elementor-container elementor-column-gap-default\">\n\t\t\t\t\t<div class=\"elementor-column elementor-col-100 elementor-top-column elementor-element elementor-element-664ff78\" data-id=\"664ff78\" data-element_type=\"column\" data-e-type=\"column\">\n\t\t\t<div class=\"elementor-widget-wrap elementor-element-populated\">\n\t\t\t\t\t\t<div class=\"elementor-element elementor-element-23a3bac elementor-widget elementor-widget-spacer\" data-id=\"23a3bac\" data-element_type=\"widget\" data-e-type=\"widget\" data-widget_type=\"spacer.default\">\n\t\t\t\t<div class=\"elementor-widget-container\">\n\t\t\t\t\t\t\t<div class=\"elementor-spacer\">\n\t\t\t<div class=\"elementor-spacer-inner\"><\/div>\n\t\t<\/div>\n\t\t\t\t\t\t<\/div>\n\t\t\t\t<\/div>\n\t\t\t\t<div class=\"elementor-element elementor-element-17a6dab elementor-widget elementor-widget-heading\" data-id=\"17a6dab\" data-element_type=\"widget\" data-e-type=\"widget\" data-widget_type=\"heading.default\">\n\t\t\t\t<div class=\"elementor-widget-container\">\n\t\t\t\t\t<h2 class=\"elementor-heading-title elementor-size-default\">L'esmorzar<\/h2>\t\t\t\t<\/div>\n\t\t\t\t<\/div>\n\t\t\t\t<div class=\"elementor-element elementor-element-e5f80aa elementor-widget elementor-widget-heading\" data-id=\"e5f80aa\" data-element_type=\"widget\" data-e-type=\"widget\" data-widget_type=\"heading.default\">\n\t\t\t\t<div class=\"elementor-widget-container\">\n\t\t\t\t\t<h6 class=\"elementor-heading-title elementor-size-default\">ft. EXIT<\/h6>\t\t\t\t<\/div>\n\t\t\t\t<\/div>\n\t\t\t\t<div class=\"elementor-element elementor-element-9adce31 elementor-widget elementor-widget-heading\" data-id=\"9adce31\" data-element_type=\"widget\" data-e-type=\"widget\" data-widget_type=\"heading.default\">\n\t\t\t\t<div class=\"elementor-widget-container\">\n\t\t\t\t\t<h6 class=\"elementor-heading-title elementor-size-default\">20\/2\/2026<\/h6>\t\t\t\t<\/div>\n\t\t\t\t<\/div>\n\t\t\t\t<section class=\"elementor-section elementor-inner-section elementor-element elementor-element-ce1f1c5 elementor-section-boxed elementor-section-height-default elementor-section-height-default\" data-id=\"ce1f1c5\" data-element_type=\"section\" data-e-type=\"section\">\n\t\t\t\t\t\t<div class=\"elementor-container elementor-column-gap-default\">\n\t\t\t\t\t<div class=\"elementor-column elementor-col-100 elementor-inner-column elementor-element elementor-element-0284ea1\" data-id=\"0284ea1\" data-element_type=\"column\" data-e-type=\"column\" data-settings=\"{&quot;background_background&quot;:&quot;classic&quot;}\">\n\t\t\t<div class=\"elementor-widget-wrap elementor-element-populated\">\n\t\t\t\t\t\t<div class=\"elementor-element elementor-element-223d481 elementor-widget elementor-widget-text-editor\" data-id=\"223d481\" data-element_type=\"widget\" data-e-type=\"widget\" data-widget_type=\"text-editor.default\">\n\t\t\t\t<div class=\"elementor-widget-container\">\n\t\t\t\t\t\t\t\t\t<p>Gas i metxeru, paella al foc<br \/>Perqu\u00e8 no es desperti no hi ha extractor<br \/>Obro la nevera, hi ha cacaolat<br \/>Olor sospitosa, est\u00e0 caducat<br \/>Qui m&#8217;ha manat de ficar-me aqu\u00ed?<br \/>Si no s\u00e9 ni fer-me un ou fregit<br \/>Tota la cuina \u00e9s un embolic<br \/>Per\u00f2 avui l&#8217;esmorzar te\u2019l fa l&#8217;En Rick<br \/><br \/>M&#8217;he posat a fer torrades<br \/>Per\u00f2 TikTok m&#8217;ha despistat<br \/>Intentem un rasca y gana<br \/>A veure si ho podem salvar<br \/>Amb mantega i melmelada<br \/>Potser es pot dissimular<br \/>La primera queixalada<br \/>Aix\u00f2 t\u00e9 gust socarrimat<br \/><br \/>Un trosset de cansalada<br \/>Quatre tires d&#8217;alvocat<br \/>Si vols beure alguna cosa<br \/>Tranqui que el suc ha arribat<br \/>M&#8217;he passat amb les esp\u00e8cies<br \/>Ja no veig el fons del plat<br \/>S&#8217;ha muntat un puto cristo<br \/>I aix\u00f2 est\u00e0 tot ple de<br \/><br \/>Fum, foc<br \/>Destrucci\u00f3<br \/>Dins d&#8217;aquesta cuina<br \/>S&#8217;ha muntat un bon Picasso ple de<br \/>Fum, foc<br \/>Destrucci\u00f3<br \/>Dins d&#8217;aquesta cuina<br \/>S&#8217;ha muntat un bon Picasso ple de<br \/><br \/>Eh.. hola, EXIT?<br \/>No, \u00e9s que necessito la vostra ajuda&#8230;<br \/><br \/>Ding dong<br \/>Qui \u00e9s?<br \/>Soc jo!<br \/>Vinc a arreglar-te l&#8217;extractor<br \/>I aquests?<br \/>Som four<br \/>Doncs go!<br \/>Veiem el que cuines per fer-ho millor<br \/>I el gat?<br \/>Al forn<br \/>Tens gos?<br \/>Que be, a la peixera tamb\u00e9 hi ha salm\u00f3<br \/>Flip Flop!<br \/>Quina sort que ens has trobat<br \/>El plat ja est\u00e0 preparat<br \/>No!<br \/>A aquesta cansalada li falta whiskas<br \/>Mira En Rick, prova&#8217;t aquest caldo<br \/>I dona&#8217;m feedback<br \/>Mmm!<br \/>Qu\u00e8 li has ficat?<br \/>No ho s\u00e9 tu, s&#8217;ha cremat<br \/>Falta ferro, Obramat<br \/>Mmh&#8230; tira la porta avall<br \/>Perqu\u00e8 entri el carro de cavall<br \/>Pots portar-li el plat al llit<br \/>L&#8217;esmorzar que ha fet EXIT<br \/><br \/>Fum, foc<br \/>Destrucci\u00f3<br \/>Dins d&#8217;aquesta cuina<br \/>S&#8217;ha muntat un bon Picasso ple de<br \/>Fum, foc<br \/>Destrucci\u00f3<br \/>Dins d&#8217;aquesta cuina<br \/>S&#8217;ha muntat un bon Picasso ple de<br \/><br \/>Fum, foc<br \/>Destrucci\u00f3<br \/>Fum, foc<br \/>Destrucci\u00f3<\/p>\t\t\t\t\t\t\t\t<\/div>\n\t\t\t\t<\/div>\n\t\t\t\t\t<\/div>\n\t\t<\/div>\n\t\t\t\t\t<\/div>\n\t\t<\/section>\n\t\t\t\t<div class=\"elementor-element elementor-element-7068f46 elementor-widget elementor-widget-spacer\" data-id=\"7068f46\" data-element_type=\"widget\" data-e-type=\"widget\" data-widget_type=\"spacer.default\">\n\t\t\t\t<div class=\"elementor-widget-container\">\n\t\t\t\t\t\t\t<div class=\"elementor-spacer\">\n\t\t\t<div class=\"elementor-spacer-inner\"><\/div>\n\t\t<\/div>\n\t\t\t\t\t\t<\/div>\n\t\t\t\t<\/div>\n\t\t\t\t<div class=\"elementor-element elementor-element-e536802 elementor-widget elementor-widget-heading\" data-id=\"e536802\" data-element_type=\"widget\" data-e-type=\"widget\" data-widget_type=\"heading.default\">\n\t\t\t\t<div class=\"elementor-widget-container\">\n\t\t\t\t\t<h6 class=\"elementor-heading-title elementor-size-default\">ESCOLTA-LA ARA:<\/h6>\t\t\t\t<\/div>\n\t\t\t\t<\/div>\n\t\t\t\t<div class=\"elementor-element elementor-element-eddb6f0 elementor-widget elementor-widget-html\" data-id=\"eddb6f0\" data-element_type=\"widget\" data-e-type=\"widget\" data-widget_type=\"html.default\">\n\t\t\t\t<div class=\"elementor-widget-container\">\n\t\t\t\t\t<iframe data-testid=\"embed-iframe\" style=\"border-radius:12px\" src=\"https:\/\/open.spotify.com\/embed\/track\/0bxh7LQVzYhaZmZl1cvpQL?utm_source=generator\" width=\"100%\" height=\"352\" frameborder=\"0\" allowfullscreen=\"\" allow=\"autoplay; clipboard-write; encrypted-media; fullscreen; picture-in-picture\" loading=\"lazy\"><\/iframe>\t\t\t\t<\/div>\n\t\t\t\t<\/div>\n\t\t\t\t<div class=\"elementor-element elementor-element-83f2450 elementor-widget elementor-widget-spacer\" data-id=\"83f2450\" data-element_type=\"widget\" data-e-type=\"widget\" data-widget_type=\"spacer.default\">\n\t\t\t\t<div class=\"elementor-widget-container\">\n\t\t\t\t\t\t\t<div class=\"elementor-spacer\">\n\t\t\t<div class=\"elementor-spacer-inner\"><\/div>\n\t\t<\/div>\n\t\t\t\t\t\t<\/div>\n\t\t\t\t<\/div>\n\t\t\t\t\t<\/div>\n\t\t<\/div>\n\t\t\t\t\t<\/div>\n\t\t<\/section>\n\t\t\t\t<\/div>","protected":false},"excerpt":{"rendered":"<p>L&#8217;esmorzar ft. EXIT 20\/2\/2026 Gas i metxeru, paella al focPerqu\u00e8 no es desperti no hi ha extractorObro la nevera, hi ha cacaolatOlor sospitosa, est\u00e0 caducatQui m&#8217;ha manat de ficar-me aqu\u00ed?Si no s\u00e9 ni fer-me un ou fregitTota la cuina \u00e9s un embolicPer\u00f2 avui l&#8217;esmorzar te\u2019l fa l&#8217;En Rick M&#8217;he posat a fer torradesPer\u00f2 TikTok m&#8217;ha [&hellip;]<\/p>\n","protected":false},"author":1,"featured_media":0,"parent":0,"menu_order":0,"comment_status":"closed","ping_status":"closed","template":"","meta":{"site-sidebar-layout":"no-sidebar","site-content-layout":"page-builder","ast-site-content-layout":"full-width-container","site-content-style":"default","site-sidebar-style":"default","ast-global-header-display":"","ast-banner-title-visibility":"","ast-main-header-display":"","ast-hfb-above-header-display":"","ast-hfb-below-header-display":"","ast-hfb-mobile-header-display":"","site-post-title":"disabled","ast-breadcrumbs-content":"","ast-featured-img":"disabled","footer-sml-layout":"","ast-disable-related-posts":"","theme-transparent-header-meta":"","adv-header-id-meta":"","stick-header-meta":"","header-above-stick-meta":"","header-main-stick-meta":"","header-below-stick-meta":"","astra-migrate-meta-layouts":"set","ast-page-background-enabled":"default","ast-page-background-meta":{"desktop":{"background-color":"var(--ast-global-color-4)","background-image":"","background-repeat":"repeat","background-position":"center center","background-size":"auto","background-attachment":"scroll","background-type":"","background-media":"","overlay-type":"","overlay-color":"","overlay-opacity":"","overlay-gradient":""},"tablet":{"background-color":"","background-image":"","background-repeat":"repeat","background-position":"center center","background-size":"auto","background-attachment":"scroll","background-type":"","background-media":"","overlay-type":"","overlay-color":"","overlay-opacity":"","overlay-gradient":""},"mobile":{"background-color":"","background-image":"","background-repeat":"repeat","background-position":"center center","background-size":"auto","background-attachment":"scroll","background-type":"","background-media":"","overlay-type":"","overlay-color":"","overlay-opacity":"","overlay-gradient":""}},"ast-content-background-meta":{"desktop":{"background-color":"var(--ast-global-color-5)","background-image":"","background-repeat":"repeat","background-position":"center center","background-size":"auto","background-attachment":"scroll","background-type":"","background-media":"","overlay-type":"","overlay-color":"","overlay-opacity":"","overlay-gradient":""},"tablet":{"background-color":"var(--ast-global-color-5)","background-image":"","background-repeat":"repeat","background-position":"center center","background-size":"auto","background-attachment":"scroll","background-type":"","background-media":"","overlay-type":"","overlay-color":"","overlay-opacity":"","overlay-gradient":""},"mobile":{"background-color":"var(--ast-global-color-5)","background-image":"","background-repeat":"repeat","background-position":"center center","background-size":"auto","background-attachment":"scroll","background-type":"","background-media":"","overlay-type":"","overlay-color":"","overlay-opacity":"","overlay-gradient":""}},"footnotes":""},"class_list":["post-2896","page","type-page","status-publish","hentry"],"yoast_head":"<!-- This site is optimized with the Yoast SEO plugin v27.5 - https:\/\/yoast.com\/product\/yoast-seo-wordpress\/ -->\n<title>L&#039;esmorzar - En Rick<\/title>\n<meta name=\"robots\" content=\"index, follow, max-snippet:-1, max-image-preview:large, max-video-preview:-1\" \/>\n<link rel=\"canonical\" href=\"https:\/\/enrick.cat\/es\/lesmorzar\/\" \/>\n<meta property=\"og:locale\" content=\"es_ES\" \/>\n<meta property=\"og:type\" content=\"article\" \/>\n<meta property=\"og:title\" content=\"L&#039;esmorzar - En Rick\" \/>\n<meta property=\"og:description\" content=\"L&#8217;esmorzar ft. EXIT 20\/2\/2026 Gas i metxeru, paella al focPerqu\u00e8 no es desperti no hi ha extractorObro la nevera, hi ha cacaolatOlor sospitosa, est\u00e0 caducatQui m&#8217;ha manat de ficar-me aqu\u00ed?Si no s\u00e9 ni fer-me un ou fregitTota la cuina \u00e9s un embolicPer\u00f2 avui l&#8217;esmorzar te\u2019l fa l&#8217;En Rick M&#8217;he posat a fer torradesPer\u00f2 TikTok m&#8217;ha [&hellip;]\" \/>\n<meta property=\"og:url\" content=\"https:\/\/enrick.cat\/es\/lesmorzar\/\" \/>\n<meta property=\"og:site_name\" content=\"En Rick\" \/>\n<meta property=\"article:modified_time\" content=\"2026-04-21T15:13:08+00:00\" \/>\n<meta name=\"twitter:card\" content=\"summary_large_image\" \/>\n<meta name=\"twitter:label1\" content=\"Tiempo de lectura\" \/>\n\t<meta name=\"twitter:data1\" content=\"2 minutos\" \/>\n<script type=\"application\/ld+json\" class=\"yoast-schema-graph\">{\"@context\":\"https:\\\/\\\/schema.org\",\"@graph\":[{\"@type\":\"WebPage\",\"@id\":\"https:\\\/\\\/enrick.cat\\\/lesmorzar\\\/\",\"url\":\"https:\\\/\\\/enrick.cat\\\/lesmorzar\\\/\",\"name\":\"L'esmorzar - En Rick\",\"isPartOf\":{\"@id\":\"https:\\\/\\\/enrick.cat\\\/#website\"},\"datePublished\":\"2026-04-21T15:05:59+00:00\",\"dateModified\":\"2026-04-21T15:13:08+00:00\",\"breadcrumb\":{\"@id\":\"https:\\\/\\\/enrick.cat\\\/lesmorzar\\\/#breadcrumb\"},\"inLanguage\":\"es\",\"potentialAction\":[{\"@type\":\"ReadAction\",\"target\":[\"https:\\\/\\\/enrick.cat\\\/lesmorzar\\\/\"]}]},{\"@type\":\"BreadcrumbList\",\"@id\":\"https:\\\/\\\/enrick.cat\\\/lesmorzar\\\/#breadcrumb\",\"itemListElement\":[{\"@type\":\"ListItem\",\"position\":1,\"name\":\"Inici\",\"item\":\"https:\\\/\\\/enrick.cat\\\/\"},{\"@type\":\"ListItem\",\"position\":2,\"name\":\"L&#8217;esmorzar\"}]},{\"@type\":\"WebSite\",\"@id\":\"https:\\\/\\\/enrick.cat\\\/#website\",\"url\":\"https:\\\/\\\/enrick.cat\\\/\",\"name\":\"En Rick | No s\u00e9 ballar ja disponible\",\"description\":\"El teu Sapastre de confian\u00e7a\",\"publisher\":{\"@id\":\"https:\\\/\\\/enrick.cat\\\/#\\\/schema\\\/person\\\/493db02099da031b2a43b4a948e6aa9e\"},\"potentialAction\":[{\"@type\":\"SearchAction\",\"target\":{\"@type\":\"EntryPoint\",\"urlTemplate\":\"https:\\\/\\\/enrick.cat\\\/?s={search_term_string}\"},\"query-input\":{\"@type\":\"PropertyValueSpecification\",\"valueRequired\":true,\"valueName\":\"search_term_string\"}}],\"inLanguage\":\"es\"},{\"@type\":[\"Person\",\"Organization\"],\"@id\":\"https:\\\/\\\/enrick.cat\\\/#\\\/schema\\\/person\\\/493db02099da031b2a43b4a948e6aa9e\",\"name\":\"En Rick\",\"image\":{\"@type\":\"ImageObject\",\"inLanguage\":\"es\",\"@id\":\"https:\\\/\\\/enrick.cat\\\/wp-content\\\/uploads\\\/2023\\\/09\\\/cropped-Logo_n-png.avif\",\"url\":\"https:\\\/\\\/enrick.cat\\\/wp-content\\\/uploads\\\/2023\\\/09\\\/cropped-Logo_n-png.avif\",\"contentUrl\":\"https:\\\/\\\/enrick.cat\\\/wp-content\\\/uploads\\\/2023\\\/09\\\/cropped-Logo_n-png.avif\",\"width\":896,\"height\":253,\"caption\":\"En Rick\"},\"logo\":{\"@id\":\"https:\\\/\\\/enrick.cat\\\/wp-content\\\/uploads\\\/2023\\\/09\\\/cropped-Logo_n-png.avif\"},\"sameAs\":[\"https:\\\/\\\/enrick.cat\"]}]}<\/script>\n<!-- \/ Yoast SEO plugin. -->","yoast_head_json":{"title":"L'esmorzar - En Rick","robots":{"index":"index","follow":"follow","max-snippet":"max-snippet:-1","max-image-preview":"max-image-preview:large","max-video-preview":"max-video-preview:-1"},"canonical":"https:\/\/enrick.cat\/es\/lesmorzar\/","og_locale":"es_ES","og_type":"article","og_title":"L'esmorzar - En Rick","og_description":"L&#8217;esmorzar ft. EXIT 20\/2\/2026 Gas i metxeru, paella al focPerqu\u00e8 no es desperti no hi ha extractorObro la nevera, hi ha cacaolatOlor sospitosa, est\u00e0 caducatQui m&#8217;ha manat de ficar-me aqu\u00ed?Si no s\u00e9 ni fer-me un ou fregitTota la cuina \u00e9s un embolicPer\u00f2 avui l&#8217;esmorzar te\u2019l fa l&#8217;En Rick M&#8217;he posat a fer torradesPer\u00f2 TikTok m&#8217;ha [&hellip;]","og_url":"https:\/\/enrick.cat\/es\/lesmorzar\/","og_site_name":"En Rick","article_modified_time":"2026-04-21T15:13:08+00:00","twitter_card":"summary_large_image","twitter_misc":{"Tiempo de lectura":"2 minutos"},"schema":{"@context":"https:\/\/schema.org","@graph":[{"@type":"WebPage","@id":"https:\/\/enrick.cat\/lesmorzar\/","url":"https:\/\/enrick.cat\/lesmorzar\/","name":"L'esmorzar - En Rick","isPartOf":{"@id":"https:\/\/enrick.cat\/#website"},"datePublished":"2026-04-21T15:05:59+00:00","dateModified":"2026-04-21T15:13:08+00:00","breadcrumb":{"@id":"https:\/\/enrick.cat\/lesmorzar\/#breadcrumb"},"inLanguage":"es","potentialAction":[{"@type":"ReadAction","target":["https:\/\/enrick.cat\/lesmorzar\/"]}]},{"@type":"BreadcrumbList","@id":"https:\/\/enrick.cat\/lesmorzar\/#breadcrumb","itemListElement":[{"@type":"ListItem","position":1,"name":"Inici","item":"https:\/\/enrick.cat\/"},{"@type":"ListItem","position":2,"name":"L&#8217;esmorzar"}]},{"@type":"WebSite","@id":"https:\/\/enrick.cat\/#website","url":"https:\/\/enrick.cat\/","name":"En Rick | No s\u00e9 ballar ja disponible","description":"El teu Sapastre de confian\u00e7a","publisher":{"@id":"https:\/\/enrick.cat\/#\/schema\/person\/493db02099da031b2a43b4a948e6aa9e"},"potentialAction":[{"@type":"SearchAction","target":{"@type":"EntryPoint","urlTemplate":"https:\/\/enrick.cat\/?s={search_term_string}"},"query-input":{"@type":"PropertyValueSpecification","valueRequired":true,"valueName":"search_term_string"}}],"inLanguage":"es"},{"@type":["Person","Organization"],"@id":"https:\/\/enrick.cat\/#\/schema\/person\/493db02099da031b2a43b4a948e6aa9e","name":"En Rick","image":{"@type":"ImageObject","inLanguage":"es","@id":"https:\/\/enrick.cat\/wp-content\/uploads\/2023\/09\/cropped-Logo_n-png.avif","url":"https:\/\/enrick.cat\/wp-content\/uploads\/2023\/09\/cropped-Logo_n-png.avif","contentUrl":"https:\/\/enrick.cat\/wp-content\/uploads\/2023\/09\/cropped-Logo_n-png.avif","width":896,"height":253,"caption":"En Rick"},"logo":{"@id":"https:\/\/enrick.cat\/wp-content\/uploads\/2023\/09\/cropped-Logo_n-png.avif"},"sameAs":["https:\/\/enrick.cat"]}]}},"jetpack_sharing_enabled":true,"_links":{"self":[{"href":"https:\/\/enrick.cat\/es\/wp-json\/wp\/v2\/pages\/2896","targetHints":{"allow":["GET"]}}],"collection":[{"href":"https:\/\/enrick.cat\/es\/wp-json\/wp\/v2\/pages"}],"about":[{"href":"https:\/\/enrick.cat\/es\/wp-json\/wp\/v2\/types\/page"}],"author":[{"embeddable":true,"href":"https:\/\/enrick.cat\/es\/wp-json\/wp\/v2\/users\/1"}],"replies":[{"embeddable":true,"href":"https:\/\/enrick.cat\/es\/wp-json\/wp\/v2\/comments?post=2896"}],"version-history":[{"count":10,"href":"https:\/\/enrick.cat\/es\/wp-json\/wp\/v2\/pages\/2896\/revisions"}],"predecessor-version":[{"id":2922,"href":"https:\/\/enrick.cat\/es\/wp-json\/wp\/v2\/pages\/2896\/revisions\/2922"}],"wp:attachment":[{"href":"https:\/\/enrick.cat\/es\/wp-json\/wp\/v2\/media?parent=2896"}],"curies":[{"name":"wp","href":"https:\/\/api.w.org\/{rel}","templated":true}]}}