{"id":2888,"date":"2026-04-21T16:49:54","date_gmt":"2026-04-21T14:49:54","guid":{"rendered":"https:\/\/enrick.cat\/?page_id=2888"},"modified":"2026-04-21T16:51:03","modified_gmt":"2026-04-21T14:51:03","slug":"dormilega","status":"publish","type":"page","link":"https:\/\/enrick.cat\/es\/dormilega\/","title":{"rendered":"Dormilega"},"content":{"rendered":"<div data-elementor-type=\"wp-page\" data-elementor-id=\"2888\" class=\"elementor elementor-2888\" data-elementor-post-type=\"page\">\n\t\t\t\t\t\t<section class=\"elementor-section elementor-top-section elementor-element elementor-element-846d545 elementor-section-boxed elementor-section-height-default elementor-section-height-default\" data-id=\"846d545\" data-element_type=\"section\" data-e-type=\"section\" data-settings=\"{&quot;background_background&quot;:&quot;classic&quot;}\">\n\t\t\t\t\t\t<div class=\"elementor-container elementor-column-gap-default\">\n\t\t\t\t\t<div class=\"elementor-column elementor-col-100 elementor-top-column elementor-element elementor-element-4a0df4b\" data-id=\"4a0df4b\" data-element_type=\"column\" data-e-type=\"column\">\n\t\t\t<div class=\"elementor-widget-wrap elementor-element-populated\">\n\t\t\t\t\t\t<div class=\"elementor-element elementor-element-e3fc3e3 elementor-widget elementor-widget-spacer\" data-id=\"e3fc3e3\" data-element_type=\"widget\" data-e-type=\"widget\" data-widget_type=\"spacer.default\">\n\t\t\t\t<div class=\"elementor-widget-container\">\n\t\t\t\t\t\t\t<div class=\"elementor-spacer\">\n\t\t\t<div class=\"elementor-spacer-inner\"><\/div>\n\t\t<\/div>\n\t\t\t\t\t\t<\/div>\n\t\t\t\t<\/div>\n\t\t\t\t<div class=\"elementor-element elementor-element-027e550 elementor-widget elementor-widget-heading\" data-id=\"027e550\" data-element_type=\"widget\" data-e-type=\"widget\" data-widget_type=\"heading.default\">\n\t\t\t\t<div class=\"elementor-widget-container\">\n\t\t\t\t\t<h2 class=\"elementor-heading-title elementor-size-default\">Dormilega<\/h2>\t\t\t\t<\/div>\n\t\t\t\t<\/div>\n\t\t\t\t<div class=\"elementor-element elementor-element-a1998af elementor-widget elementor-widget-heading\" data-id=\"a1998af\" data-element_type=\"widget\" data-e-type=\"widget\" data-widget_type=\"heading.default\">\n\t\t\t\t<div class=\"elementor-widget-container\">\n\t\t\t\t\t<h6 class=\"elementor-heading-title elementor-size-default\">20\/2\/2026<\/h6>\t\t\t\t<\/div>\n\t\t\t\t<\/div>\n\t\t\t\t<section class=\"elementor-section elementor-inner-section elementor-element elementor-element-5102bd2 elementor-section-boxed elementor-section-height-default elementor-section-height-default\" data-id=\"5102bd2\" data-element_type=\"section\" data-e-type=\"section\">\n\t\t\t\t\t\t<div class=\"elementor-container elementor-column-gap-default\">\n\t\t\t\t\t<div class=\"elementor-column elementor-col-100 elementor-inner-column elementor-element elementor-element-b99a3eb\" data-id=\"b99a3eb\" data-element_type=\"column\" data-e-type=\"column\" data-settings=\"{&quot;background_background&quot;:&quot;classic&quot;}\">\n\t\t\t<div class=\"elementor-widget-wrap elementor-element-populated\">\n\t\t\t\t\t\t<div class=\"elementor-element elementor-element-22cee3b elementor-widget elementor-widget-text-editor\" data-id=\"22cee3b\" data-element_type=\"widget\" data-e-type=\"widget\" data-widget_type=\"text-editor.default\">\n\t\t\t\t<div class=\"elementor-widget-container\">\n\t\t\t\t\t\t\t\t\t<p>Les 11 de la matinada<br \/>Clar que et poso mala cara<br \/>Deix que em mengi els xocoflusquis<br \/>Embobat a una pantalla<br \/>Em trec una lleganya<br \/>Mentre apujo la persiana<br \/>De dilluns fins a dissabte<br \/>Que diumenge ning\u00fa em mana<br \/><br \/>I dona&#8217;m 5 minuts m\u00e9s<br \/>Que m&#8217;he aixecat del rev\u00e9s<br \/>Dona&#8217;m 10 minuts m\u00e9s<br \/>Que no m&#8217;agrada el caf\u00e8<br \/>Dona&#8217;m un momentet<br \/>Que aqu\u00ed s&#8217;hi est\u00e0 ben calentet<br \/>Dona&#8217;m una estoneta<br \/>Ho saps del cert<br \/><br \/>Tu saps que soc un dormilega<br \/>Per\u00f2 per tu em poso alarma<br \/>Tiro sense cafe\u00efna<br \/>Per\u00f2 amb un pet\u00f3 a la galta<br \/>Soc un dormilega<br \/>Per\u00f2 per tu em poso alarma<br \/>Tiro fins la migdiada<br \/>Per\u00f2 arrossego la mandra<br \/><br \/>Potser arribo uns minutets tard<br \/>Que he estat lluitant amb l&#8217;edred\u00f3<br \/>I se m&#8217;ha complicat<br \/>Potser arribo despentinat<br \/>Que quan el temps se&#8217;m tira a sobre<br \/>Vaig ben atabalat<br \/><br \/>Deixa&#8217;l sonar<br \/>Que m&#8217;agrada com sona<br \/>Posposant<br \/>Fins que s&#8217;acabi la son<br \/>Deixa&#8217;l sonar<br \/>Que aixecar-me \u00e9s un malson<br \/>Deixa&#8217;m somiar<br \/><br \/>Tu saps que soc un dormilega<br \/>\u00c9s que m&#8217;agrada dormir abra\u00e7at a tu<br \/>Tu saps que soc un dormilega<br \/>\u00c9s que m&#8217;agrada dormir abra\u00e7at a tu<br \/>Tu saps que soc un dormilega<br \/>\u00c9s que m&#8217;agrada dormir abra\u00e7at a tu<br \/>Tu saps que soc un dormilega<br \/>\u00c9s que m&#8217;agrada dormir abra\u00e7at a tu<br \/><br \/>Tu saps que soc un dormilega<br \/>Per\u00f2 per tu em poso alarma<br \/>Tiro sense cafe\u00efna<br \/>Per\u00f2 amb un pet\u00f3 a la galta<br \/>Soc un dormilega<br \/>Per\u00f2 per tu em poso alarma<br \/>Tiro fins la migdiada<br \/>Per\u00f2 arrossego la mandra<\/p>\t\t\t\t\t\t\t\t<\/div>\n\t\t\t\t<\/div>\n\t\t\t\t\t<\/div>\n\t\t<\/div>\n\t\t\t\t\t<\/div>\n\t\t<\/section>\n\t\t\t\t<div class=\"elementor-element elementor-element-62f6921 elementor-widget elementor-widget-spacer\" data-id=\"62f6921\" data-element_type=\"widget\" data-e-type=\"widget\" data-widget_type=\"spacer.default\">\n\t\t\t\t<div class=\"elementor-widget-container\">\n\t\t\t\t\t\t\t<div class=\"elementor-spacer\">\n\t\t\t<div class=\"elementor-spacer-inner\"><\/div>\n\t\t<\/div>\n\t\t\t\t\t\t<\/div>\n\t\t\t\t<\/div>\n\t\t\t\t<div class=\"elementor-element elementor-element-53d9cd5 elementor-widget elementor-widget-heading\" data-id=\"53d9cd5\" data-element_type=\"widget\" data-e-type=\"widget\" data-widget_type=\"heading.default\">\n\t\t\t\t<div class=\"elementor-widget-container\">\n\t\t\t\t\t<h6 class=\"elementor-heading-title elementor-size-default\">ESCOLTA-LA ARA:<\/h6>\t\t\t\t<\/div>\n\t\t\t\t<\/div>\n\t\t\t\t<div class=\"elementor-element elementor-element-0dd95ff elementor-widget elementor-widget-html\" data-id=\"0dd95ff\" data-element_type=\"widget\" data-e-type=\"widget\" data-widget_type=\"html.default\">\n\t\t\t\t<div class=\"elementor-widget-container\">\n\t\t\t\t\t<iframe data-testid=\"embed-iframe\" style=\"border-radius:12px\" src=\"https:\/\/open.spotify.com\/embed\/track\/6qkmz7b4m4wh17cmEM99jL?utm_source=generator\" width=\"100%\" height=\"352\" frameborder=\"0\" allowfullscreen=\"\" allow=\"autoplay; clipboard-write; encrypted-media; fullscreen; picture-in-picture\" loading=\"lazy\"><\/iframe>\t\t\t\t<\/div>\n\t\t\t\t<\/div>\n\t\t\t\t<div class=\"elementor-element elementor-element-cda66dd elementor-widget elementor-widget-spacer\" data-id=\"cda66dd\" data-element_type=\"widget\" data-e-type=\"widget\" data-widget_type=\"spacer.default\">\n\t\t\t\t<div class=\"elementor-widget-container\">\n\t\t\t\t\t\t\t<div class=\"elementor-spacer\">\n\t\t\t<div class=\"elementor-spacer-inner\"><\/div>\n\t\t<\/div>\n\t\t\t\t\t\t<\/div>\n\t\t\t\t<\/div>\n\t\t\t\t\t<\/div>\n\t\t<\/div>\n\t\t\t\t\t<\/div>\n\t\t<\/section>\n\t\t\t\t<\/div>","protected":false},"excerpt":{"rendered":"<p>Dormilega 20\/2\/2026 Les 11 de la matinadaClar que et poso mala caraDeix que em mengi els xocoflusquisEmbobat a una pantallaEm trec una lleganyaMentre apujo la persianaDe dilluns fins a dissabteQue diumenge ning\u00fa em mana I dona&#8217;m 5 minuts m\u00e9sQue m&#8217;he aixecat del rev\u00e9sDona&#8217;m 10 minuts m\u00e9sQue no m&#8217;agrada el caf\u00e8Dona&#8217;m un momentetQue aqu\u00ed s&#8217;hi est\u00e0 [&hellip;]<\/p>\n","protected":false},"author":1,"featured_media":0,"parent":0,"menu_order":0,"comment_status":"closed","ping_status":"closed","template":"","meta":{"site-sidebar-layout":"no-sidebar","site-content-layout":"page-builder","ast-site-content-layout":"full-width-container","site-content-style":"default","site-sidebar-style":"default","ast-global-header-display":"","ast-banner-title-visibility":"","ast-main-header-display":"","ast-hfb-above-header-display":"","ast-hfb-below-header-display":"","ast-hfb-mobile-header-display":"","site-post-title":"disabled","ast-breadcrumbs-content":"","ast-featured-img":"disabled","footer-sml-layout":"","ast-disable-related-posts":"","theme-transparent-header-meta":"","adv-header-id-meta":"","stick-header-meta":"","header-above-stick-meta":"","header-main-stick-meta":"","header-below-stick-meta":"","astra-migrate-meta-layouts":"set","ast-page-background-enabled":"default","ast-page-background-meta":{"desktop":{"background-color":"var(--ast-global-color-4)","background-image":"","background-repeat":"repeat","background-position":"center center","background-size":"auto","background-attachment":"scroll","background-type":"","background-media":"","overlay-type":"","overlay-color":"","overlay-opacity":"","overlay-gradient":""},"tablet":{"background-color":"","background-image":"","background-repeat":"repeat","background-position":"center center","background-size":"auto","background-attachment":"scroll","background-type":"","background-media":"","overlay-type":"","overlay-color":"","overlay-opacity":"","overlay-gradient":""},"mobile":{"background-color":"","background-image":"","background-repeat":"repeat","background-position":"center center","background-size":"auto","background-attachment":"scroll","background-type":"","background-media":"","overlay-type":"","overlay-color":"","overlay-opacity":"","overlay-gradient":""}},"ast-content-background-meta":{"desktop":{"background-color":"var(--ast-global-color-5)","background-image":"","background-repeat":"repeat","background-position":"center center","background-size":"auto","background-attachment":"scroll","background-type":"","background-media":"","overlay-type":"","overlay-color":"","overlay-opacity":"","overlay-gradient":""},"tablet":{"background-color":"var(--ast-global-color-5)","background-image":"","background-repeat":"repeat","background-position":"center center","background-size":"auto","background-attachment":"scroll","background-type":"","background-media":"","overlay-type":"","overlay-color":"","overlay-opacity":"","overlay-gradient":""},"mobile":{"background-color":"var(--ast-global-color-5)","background-image":"","background-repeat":"repeat","background-position":"center center","background-size":"auto","background-attachment":"scroll","background-type":"","background-media":"","overlay-type":"","overlay-color":"","overlay-opacity":"","overlay-gradient":""}},"footnotes":""},"class_list":["post-2888","page","type-page","status-publish","hentry"],"yoast_head":"<!-- This site is optimized with the Yoast SEO plugin v27.5 - https:\/\/yoast.com\/product\/yoast-seo-wordpress\/ -->\n<title>Dormilega - En Rick<\/title>\n<meta name=\"robots\" content=\"index, follow, max-snippet:-1, max-image-preview:large, max-video-preview:-1\" \/>\n<link rel=\"canonical\" href=\"https:\/\/enrick.cat\/es\/dormilega\/\" \/>\n<meta property=\"og:locale\" content=\"es_ES\" \/>\n<meta property=\"og:type\" content=\"article\" \/>\n<meta property=\"og:title\" content=\"Dormilega - En Rick\" \/>\n<meta property=\"og:description\" content=\"Dormilega 20\/2\/2026 Les 11 de la matinadaClar que et poso mala caraDeix que em mengi els xocoflusquisEmbobat a una pantallaEm trec una lleganyaMentre apujo la persianaDe dilluns fins a dissabteQue diumenge ning\u00fa em mana I dona&#8217;m 5 minuts m\u00e9sQue m&#8217;he aixecat del rev\u00e9sDona&#8217;m 10 minuts m\u00e9sQue no m&#8217;agrada el caf\u00e8Dona&#8217;m un momentetQue aqu\u00ed s&#8217;hi est\u00e0 [&hellip;]\" \/>\n<meta property=\"og:url\" content=\"https:\/\/enrick.cat\/es\/dormilega\/\" \/>\n<meta property=\"og:site_name\" content=\"En Rick\" \/>\n<meta property=\"article:modified_time\" content=\"2026-04-21T14:51:03+00:00\" \/>\n<meta name=\"twitter:card\" content=\"summary_large_image\" \/>\n<meta name=\"twitter:label1\" content=\"Tiempo de lectura\" \/>\n\t<meta name=\"twitter:data1\" content=\"2 minutos\" \/>\n<script type=\"application\/ld+json\" class=\"yoast-schema-graph\">{\"@context\":\"https:\\\/\\\/schema.org\",\"@graph\":[{\"@type\":\"WebPage\",\"@id\":\"https:\\\/\\\/enrick.cat\\\/dormilega\\\/\",\"url\":\"https:\\\/\\\/enrick.cat\\\/dormilega\\\/\",\"name\":\"Dormilega - En Rick\",\"isPartOf\":{\"@id\":\"https:\\\/\\\/enrick.cat\\\/#website\"},\"datePublished\":\"2026-04-21T14:49:54+00:00\",\"dateModified\":\"2026-04-21T14:51:03+00:00\",\"breadcrumb\":{\"@id\":\"https:\\\/\\\/enrick.cat\\\/dormilega\\\/#breadcrumb\"},\"inLanguage\":\"es\",\"potentialAction\":[{\"@type\":\"ReadAction\",\"target\":[\"https:\\\/\\\/enrick.cat\\\/dormilega\\\/\"]}]},{\"@type\":\"BreadcrumbList\",\"@id\":\"https:\\\/\\\/enrick.cat\\\/dormilega\\\/#breadcrumb\",\"itemListElement\":[{\"@type\":\"ListItem\",\"position\":1,\"name\":\"Inici\",\"item\":\"https:\\\/\\\/enrick.cat\\\/\"},{\"@type\":\"ListItem\",\"position\":2,\"name\":\"Dormilega\"}]},{\"@type\":\"WebSite\",\"@id\":\"https:\\\/\\\/enrick.cat\\\/#website\",\"url\":\"https:\\\/\\\/enrick.cat\\\/\",\"name\":\"En Rick | No s\u00e9 ballar ja disponible\",\"description\":\"El teu Sapastre de confian\u00e7a\",\"publisher\":{\"@id\":\"https:\\\/\\\/enrick.cat\\\/#\\\/schema\\\/person\\\/493db02099da031b2a43b4a948e6aa9e\"},\"potentialAction\":[{\"@type\":\"SearchAction\",\"target\":{\"@type\":\"EntryPoint\",\"urlTemplate\":\"https:\\\/\\\/enrick.cat\\\/?s={search_term_string}\"},\"query-input\":{\"@type\":\"PropertyValueSpecification\",\"valueRequired\":true,\"valueName\":\"search_term_string\"}}],\"inLanguage\":\"es\"},{\"@type\":[\"Person\",\"Organization\"],\"@id\":\"https:\\\/\\\/enrick.cat\\\/#\\\/schema\\\/person\\\/493db02099da031b2a43b4a948e6aa9e\",\"name\":\"En Rick\",\"image\":{\"@type\":\"ImageObject\",\"inLanguage\":\"es\",\"@id\":\"https:\\\/\\\/enrick.cat\\\/wp-content\\\/uploads\\\/2023\\\/09\\\/cropped-Logo_n-png.avif\",\"url\":\"https:\\\/\\\/enrick.cat\\\/wp-content\\\/uploads\\\/2023\\\/09\\\/cropped-Logo_n-png.avif\",\"contentUrl\":\"https:\\\/\\\/enrick.cat\\\/wp-content\\\/uploads\\\/2023\\\/09\\\/cropped-Logo_n-png.avif\",\"width\":896,\"height\":253,\"caption\":\"En Rick\"},\"logo\":{\"@id\":\"https:\\\/\\\/enrick.cat\\\/wp-content\\\/uploads\\\/2023\\\/09\\\/cropped-Logo_n-png.avif\"},\"sameAs\":[\"https:\\\/\\\/enrick.cat\"]}]}<\/script>\n<!-- \/ Yoast SEO plugin. -->","yoast_head_json":{"title":"Dormilega - En Rick","robots":{"index":"index","follow":"follow","max-snippet":"max-snippet:-1","max-image-preview":"max-image-preview:large","max-video-preview":"max-video-preview:-1"},"canonical":"https:\/\/enrick.cat\/es\/dormilega\/","og_locale":"es_ES","og_type":"article","og_title":"Dormilega - En Rick","og_description":"Dormilega 20\/2\/2026 Les 11 de la matinadaClar que et poso mala caraDeix que em mengi els xocoflusquisEmbobat a una pantallaEm trec una lleganyaMentre apujo la persianaDe dilluns fins a dissabteQue diumenge ning\u00fa em mana I dona&#8217;m 5 minuts m\u00e9sQue m&#8217;he aixecat del rev\u00e9sDona&#8217;m 10 minuts m\u00e9sQue no m&#8217;agrada el caf\u00e8Dona&#8217;m un momentetQue aqu\u00ed s&#8217;hi est\u00e0 [&hellip;]","og_url":"https:\/\/enrick.cat\/es\/dormilega\/","og_site_name":"En Rick","article_modified_time":"2026-04-21T14:51:03+00:00","twitter_card":"summary_large_image","twitter_misc":{"Tiempo de lectura":"2 minutos"},"schema":{"@context":"https:\/\/schema.org","@graph":[{"@type":"WebPage","@id":"https:\/\/enrick.cat\/dormilega\/","url":"https:\/\/enrick.cat\/dormilega\/","name":"Dormilega - En Rick","isPartOf":{"@id":"https:\/\/enrick.cat\/#website"},"datePublished":"2026-04-21T14:49:54+00:00","dateModified":"2026-04-21T14:51:03+00:00","breadcrumb":{"@id":"https:\/\/enrick.cat\/dormilega\/#breadcrumb"},"inLanguage":"es","potentialAction":[{"@type":"ReadAction","target":["https:\/\/enrick.cat\/dormilega\/"]}]},{"@type":"BreadcrumbList","@id":"https:\/\/enrick.cat\/dormilega\/#breadcrumb","itemListElement":[{"@type":"ListItem","position":1,"name":"Inici","item":"https:\/\/enrick.cat\/"},{"@type":"ListItem","position":2,"name":"Dormilega"}]},{"@type":"WebSite","@id":"https:\/\/enrick.cat\/#website","url":"https:\/\/enrick.cat\/","name":"En Rick | No s\u00e9 ballar ja disponible","description":"El teu Sapastre de confian\u00e7a","publisher":{"@id":"https:\/\/enrick.cat\/#\/schema\/person\/493db02099da031b2a43b4a948e6aa9e"},"potentialAction":[{"@type":"SearchAction","target":{"@type":"EntryPoint","urlTemplate":"https:\/\/enrick.cat\/?s={search_term_string}"},"query-input":{"@type":"PropertyValueSpecification","valueRequired":true,"valueName":"search_term_string"}}],"inLanguage":"es"},{"@type":["Person","Organization"],"@id":"https:\/\/enrick.cat\/#\/schema\/person\/493db02099da031b2a43b4a948e6aa9e","name":"En Rick","image":{"@type":"ImageObject","inLanguage":"es","@id":"https:\/\/enrick.cat\/wp-content\/uploads\/2023\/09\/cropped-Logo_n-png.avif","url":"https:\/\/enrick.cat\/wp-content\/uploads\/2023\/09\/cropped-Logo_n-png.avif","contentUrl":"https:\/\/enrick.cat\/wp-content\/uploads\/2023\/09\/cropped-Logo_n-png.avif","width":896,"height":253,"caption":"En Rick"},"logo":{"@id":"https:\/\/enrick.cat\/wp-content\/uploads\/2023\/09\/cropped-Logo_n-png.avif"},"sameAs":["https:\/\/enrick.cat"]}]}},"jetpack_sharing_enabled":true,"_links":{"self":[{"href":"https:\/\/enrick.cat\/es\/wp-json\/wp\/v2\/pages\/2888","targetHints":{"allow":["GET"]}}],"collection":[{"href":"https:\/\/enrick.cat\/es\/wp-json\/wp\/v2\/pages"}],"about":[{"href":"https:\/\/enrick.cat\/es\/wp-json\/wp\/v2\/types\/page"}],"author":[{"embeddable":true,"href":"https:\/\/enrick.cat\/es\/wp-json\/wp\/v2\/users\/1"}],"replies":[{"embeddable":true,"href":"https:\/\/enrick.cat\/es\/wp-json\/wp\/v2\/comments?post=2888"}],"version-history":[{"count":7,"href":"https:\/\/enrick.cat\/es\/wp-json\/wp\/v2\/pages\/2888\/revisions"}],"predecessor-version":[{"id":2895,"href":"https:\/\/enrick.cat\/es\/wp-json\/wp\/v2\/pages\/2888\/revisions\/2895"}],"wp:attachment":[{"href":"https:\/\/enrick.cat\/es\/wp-json\/wp\/v2\/media?parent=2888"}],"curies":[{"name":"wp","href":"https:\/\/api.w.org\/{rel}","templated":true}]}}