{"id":2832,"date":"2026-04-21T16:20:39","date_gmt":"2026-04-21T14:20:39","guid":{"rendered":"https:\/\/enrick.cat\/?page_id=2832"},"modified":"2026-04-21T16:40:37","modified_gmt":"2026-04-21T14:40:37","slug":"sapastre","status":"publish","type":"page","link":"https:\/\/enrick.cat\/es\/sapastre\/","title":{"rendered":"Sapastre"},"content":{"rendered":"<div data-elementor-type=\"wp-page\" data-elementor-id=\"2832\" class=\"elementor elementor-2832\" data-elementor-post-type=\"page\">\n\t\t\t\t\t\t<section class=\"elementor-section elementor-top-section elementor-element elementor-element-6b91b5e elementor-section-boxed elementor-section-height-default elementor-section-height-default\" data-id=\"6b91b5e\" data-element_type=\"section\" data-e-type=\"section\" data-settings=\"{&quot;background_background&quot;:&quot;classic&quot;}\">\n\t\t\t\t\t\t<div class=\"elementor-container elementor-column-gap-default\">\n\t\t\t\t\t<div class=\"elementor-column elementor-col-100 elementor-top-column elementor-element elementor-element-a253f81\" data-id=\"a253f81\" data-element_type=\"column\" data-e-type=\"column\">\n\t\t\t<div class=\"elementor-widget-wrap elementor-element-populated\">\n\t\t\t\t\t\t<div class=\"elementor-element elementor-element-6667c85 elementor-widget elementor-widget-spacer\" data-id=\"6667c85\" data-element_type=\"widget\" data-e-type=\"widget\" data-widget_type=\"spacer.default\">\n\t\t\t\t<div class=\"elementor-widget-container\">\n\t\t\t\t\t\t\t<div class=\"elementor-spacer\">\n\t\t\t<div class=\"elementor-spacer-inner\"><\/div>\n\t\t<\/div>\n\t\t\t\t\t\t<\/div>\n\t\t\t\t<\/div>\n\t\t\t\t<div class=\"elementor-element elementor-element-7f9b1bd elementor-widget elementor-widget-heading\" data-id=\"7f9b1bd\" data-element_type=\"widget\" data-e-type=\"widget\" data-widget_type=\"heading.default\">\n\t\t\t\t<div class=\"elementor-widget-container\">\n\t\t\t\t\t<h2 class=\"elementor-heading-title elementor-size-default\">Sapastre<\/h2>\t\t\t\t<\/div>\n\t\t\t\t<\/div>\n\t\t\t\t<div class=\"elementor-element elementor-element-70c5415 elementor-widget elementor-widget-heading\" data-id=\"70c5415\" data-element_type=\"widget\" data-e-type=\"widget\" data-widget_type=\"heading.default\">\n\t\t\t\t<div class=\"elementor-widget-container\">\n\t\t\t\t\t<h6 class=\"elementor-heading-title elementor-size-default\">20\/2\/2026<\/h6>\t\t\t\t<\/div>\n\t\t\t\t<\/div>\n\t\t\t\t<section class=\"elementor-section elementor-inner-section elementor-element elementor-element-c0e305a elementor-section-boxed elementor-section-height-default elementor-section-height-default\" data-id=\"c0e305a\" data-element_type=\"section\" data-e-type=\"section\">\n\t\t\t\t\t\t<div class=\"elementor-container elementor-column-gap-default\">\n\t\t\t\t\t<div class=\"elementor-column elementor-col-100 elementor-inner-column elementor-element elementor-element-d012422\" data-id=\"d012422\" data-element_type=\"column\" data-e-type=\"column\" data-settings=\"{&quot;background_background&quot;:&quot;classic&quot;}\">\n\t\t\t<div class=\"elementor-widget-wrap elementor-element-populated\">\n\t\t\t\t\t\t<div class=\"elementor-element elementor-element-cbc2116 elementor-widget elementor-widget-text-editor\" data-id=\"cbc2116\" data-element_type=\"widget\" data-e-type=\"widget\" data-widget_type=\"text-editor.default\">\n\t\t\t\t<div class=\"elementor-widget-container\">\n\t\t\t\t\t\t\t\t\t<p>Colacao a la nevera i la llet al rebost<br \/>Soc el que vol mirar l\u2019hora i sempre acaba a Tiktok<br \/>Poso sal en lloc de sucre, el pa torrat \u00e9s carb\u00f3<br \/>Soc el que marxa de casa amb les claus encara a l\u2019habitaci\u00f3<br \/><br \/>Soc el que tres anys m\u00e9s tard<br \/>Veu que s\u2019hauria d\u2019haver llen\u00e7at<br \/>Soc el mail amb res adjuntat<br \/><br \/>Sempre he estat un sapastre<br \/>En l\u2019amor un desastre<br \/>Per\u00f2 sembla que tu ja m\u2019has curat<br \/>Sempre he estat un sapastre<br \/>Com jo no hi ha un altre<br \/>Per\u00f2 aix\u00f2 \u00e9s un problema per dem\u00e0<br \/><br \/>Sempre he estat un sapastre<br \/>En l\u2019amor un desastre<br \/>Per\u00f2 sembla que tu ja m\u2019has curat<br \/>Sempre he estat un desastre<br \/>Com jo no hi ha un altre<br \/>Per\u00f2 aix\u00f2 \u00e9s un problema per dem\u00e0<br \/><br \/>Hi ha cinquanta formes en que pugui cagar-la<br \/>Hi ha poquetes samarretes sense una taca<br \/>Vaig xocant amb tot el que hi ha al voltant<br \/>No em parlis d\u2019acrob\u00e0cies si no vols acabar a l\u2019hospital<br \/><br \/>Soc aquell que s\u2019ha estudiat tot un examen equivocat<br \/>Soc la broma del teu cunyat<br \/><br \/>Sempre he estat un sapastre<br \/>En l\u2019amor un desastre<br \/>Per\u00f2 sembla que tu ja m\u2019has curat<br \/>Sempre he estat un sapastre<br \/>Com jo no hi ha un altre<br \/>Per\u00f2 aix\u00f2 \u00e9s un problema per dem\u00e0<br \/><br \/>Sempre he estat un sapastre<br \/>En l\u2019amor un desastre<br \/>Per\u00f2 sembla que tu ja m\u2019has curat<br \/>Sempre he estat un desastre<br \/>Com jo no hi ha un altre<br \/>Per\u00f2 aix\u00f2 \u00e9s un problema per dem\u00e0<br \/><br \/>Sempre he estat un sapastre<br \/>En l\u2019amor un desastre<br \/>Per\u00f2 sembla que tu ja m\u2019has curat<br \/>Sempre he estat un desastre<br \/>Com jo no hi ha un altre<br \/>Per\u00f2 aix\u00f2 \u00e9s un problema per dem\u00e0<br \/><br \/>Sempre he estat un sapastre<br \/>En l\u2019amor un desastre<br \/>Per\u00f2 sembla que tu ja m\u2019has curat<br \/>Sempre he estat un desastre<br \/>Com jo no hi ha un altre<br \/>Per\u00f2 aix\u00f2 \u00e9s un problema per dem\u00e0<\/p>\t\t\t\t\t\t\t\t<\/div>\n\t\t\t\t<\/div>\n\t\t\t\t\t<\/div>\n\t\t<\/div>\n\t\t\t\t\t<\/div>\n\t\t<\/section>\n\t\t\t\t<div class=\"elementor-element elementor-element-2f7804d elementor-widget elementor-widget-spacer\" data-id=\"2f7804d\" data-element_type=\"widget\" data-e-type=\"widget\" data-widget_type=\"spacer.default\">\n\t\t\t\t<div class=\"elementor-widget-container\">\n\t\t\t\t\t\t\t<div class=\"elementor-spacer\">\n\t\t\t<div class=\"elementor-spacer-inner\"><\/div>\n\t\t<\/div>\n\t\t\t\t\t\t<\/div>\n\t\t\t\t<\/div>\n\t\t\t\t<div class=\"elementor-element elementor-element-d3714d7 elementor-widget elementor-widget-heading\" data-id=\"d3714d7\" data-element_type=\"widget\" data-e-type=\"widget\" data-widget_type=\"heading.default\">\n\t\t\t\t<div class=\"elementor-widget-container\">\n\t\t\t\t\t<h6 class=\"elementor-heading-title elementor-size-default\">ESCOLTA-LA ARA:<\/h6>\t\t\t\t<\/div>\n\t\t\t\t<\/div>\n\t\t\t\t<div class=\"elementor-element elementor-element-2df2a51 elementor-widget elementor-widget-html\" data-id=\"2df2a51\" data-element_type=\"widget\" data-e-type=\"widget\" data-widget_type=\"html.default\">\n\t\t\t\t<div class=\"elementor-widget-container\">\n\t\t\t\t\t<iframe data-testid=\"embed-iframe\" style=\"border-radius:12px\" src=\"https:\/\/open.spotify.com\/embed\/track\/41HFz2hq0d3jchXhD6LHbm?utm_source=generator\" width=\"100%\" height=\"352\" frameborder=\"0\" allowfullscreen=\"\" allow=\"autoplay; clipboard-write; encrypted-media; fullscreen; picture-in-picture\" loading=\"lazy\"><\/iframe>\t\t\t\t<\/div>\n\t\t\t\t<\/div>\n\t\t\t\t<div class=\"elementor-element elementor-element-3cb93dd elementor-widget elementor-widget-spacer\" data-id=\"3cb93dd\" data-element_type=\"widget\" data-e-type=\"widget\" data-widget_type=\"spacer.default\">\n\t\t\t\t<div class=\"elementor-widget-container\">\n\t\t\t\t\t\t\t<div class=\"elementor-spacer\">\n\t\t\t<div class=\"elementor-spacer-inner\"><\/div>\n\t\t<\/div>\n\t\t\t\t\t\t<\/div>\n\t\t\t\t<\/div>\n\t\t\t\t\t<\/div>\n\t\t<\/div>\n\t\t\t\t\t<\/div>\n\t\t<\/section>\n\t\t\t\t<\/div>","protected":false},"excerpt":{"rendered":"<p>Sapastre 20\/2\/2026 Colacao a la nevera i la llet al rebostSoc el que vol mirar l\u2019hora i sempre acaba a TiktokPoso sal en lloc de sucre, el pa torrat \u00e9s carb\u00f3Soc el que marxa de casa amb les claus encara a l\u2019habitaci\u00f3 Soc el que tres anys m\u00e9s tardVeu que s\u2019hauria d\u2019haver llen\u00e7atSoc el mail [&hellip;]<\/p>\n","protected":false},"author":1,"featured_media":0,"parent":0,"menu_order":0,"comment_status":"closed","ping_status":"closed","template":"","meta":{"site-sidebar-layout":"no-sidebar","site-content-layout":"page-builder","ast-site-content-layout":"full-width-container","site-content-style":"default","site-sidebar-style":"default","ast-global-header-display":"","ast-banner-title-visibility":"","ast-main-header-display":"","ast-hfb-above-header-display":"","ast-hfb-below-header-display":"","ast-hfb-mobile-header-display":"","site-post-title":"disabled","ast-breadcrumbs-content":"","ast-featured-img":"disabled","footer-sml-layout":"","ast-disable-related-posts":"","theme-transparent-header-meta":"","adv-header-id-meta":"","stick-header-meta":"","header-above-stick-meta":"","header-main-stick-meta":"","header-below-stick-meta":"","astra-migrate-meta-layouts":"set","ast-page-background-enabled":"default","ast-page-background-meta":{"desktop":{"background-color":"var(--ast-global-color-4)","background-image":"","background-repeat":"repeat","background-position":"center center","background-size":"auto","background-attachment":"scroll","background-type":"","background-media":"","overlay-type":"","overlay-color":"","overlay-opacity":"","overlay-gradient":""},"tablet":{"background-color":"","background-image":"","background-repeat":"repeat","background-position":"center center","background-size":"auto","background-attachment":"scroll","background-type":"","background-media":"","overlay-type":"","overlay-color":"","overlay-opacity":"","overlay-gradient":""},"mobile":{"background-color":"","background-image":"","background-repeat":"repeat","background-position":"center center","background-size":"auto","background-attachment":"scroll","background-type":"","background-media":"","overlay-type":"","overlay-color":"","overlay-opacity":"","overlay-gradient":""}},"ast-content-background-meta":{"desktop":{"background-color":"var(--ast-global-color-5)","background-image":"","background-repeat":"repeat","background-position":"center center","background-size":"auto","background-attachment":"scroll","background-type":"","background-media":"","overlay-type":"","overlay-color":"","overlay-opacity":"","overlay-gradient":""},"tablet":{"background-color":"var(--ast-global-color-5)","background-image":"","background-repeat":"repeat","background-position":"center center","background-size":"auto","background-attachment":"scroll","background-type":"","background-media":"","overlay-type":"","overlay-color":"","overlay-opacity":"","overlay-gradient":""},"mobile":{"background-color":"var(--ast-global-color-5)","background-image":"","background-repeat":"repeat","background-position":"center center","background-size":"auto","background-attachment":"scroll","background-type":"","background-media":"","overlay-type":"","overlay-color":"","overlay-opacity":"","overlay-gradient":""}},"footnotes":""},"class_list":["post-2832","page","type-page","status-publish","hentry"],"yoast_head":"<!-- This site is optimized with the Yoast SEO plugin v27.5 - https:\/\/yoast.com\/product\/yoast-seo-wordpress\/ -->\n<title>Sapastre - En Rick<\/title>\n<meta name=\"robots\" content=\"index, follow, max-snippet:-1, max-image-preview:large, max-video-preview:-1\" \/>\n<link rel=\"canonical\" href=\"https:\/\/enrick.cat\/es\/sapastre\/\" \/>\n<meta property=\"og:locale\" content=\"es_ES\" \/>\n<meta property=\"og:type\" content=\"article\" \/>\n<meta property=\"og:title\" content=\"Sapastre - En Rick\" \/>\n<meta property=\"og:description\" content=\"Sapastre 20\/2\/2026 Colacao a la nevera i la llet al rebostSoc el que vol mirar l\u2019hora i sempre acaba a TiktokPoso sal en lloc de sucre, el pa torrat \u00e9s carb\u00f3Soc el que marxa de casa amb les claus encara a l\u2019habitaci\u00f3 Soc el que tres anys m\u00e9s tardVeu que s\u2019hauria d\u2019haver llen\u00e7atSoc el mail [&hellip;]\" \/>\n<meta property=\"og:url\" content=\"https:\/\/enrick.cat\/es\/sapastre\/\" \/>\n<meta property=\"og:site_name\" content=\"En Rick\" \/>\n<meta property=\"article:modified_time\" content=\"2026-04-21T14:40:37+00:00\" \/>\n<meta name=\"twitter:card\" content=\"summary_large_image\" \/>\n<meta name=\"twitter:label1\" content=\"Tiempo de lectura\" \/>\n\t<meta name=\"twitter:data1\" content=\"2 minutos\" \/>\n<script type=\"application\/ld+json\" class=\"yoast-schema-graph\">{\"@context\":\"https:\\\/\\\/schema.org\",\"@graph\":[{\"@type\":\"WebPage\",\"@id\":\"https:\\\/\\\/enrick.cat\\\/sapastre\\\/\",\"url\":\"https:\\\/\\\/enrick.cat\\\/sapastre\\\/\",\"name\":\"Sapastre - En Rick\",\"isPartOf\":{\"@id\":\"https:\\\/\\\/enrick.cat\\\/#website\"},\"datePublished\":\"2026-04-21T14:20:39+00:00\",\"dateModified\":\"2026-04-21T14:40:37+00:00\",\"breadcrumb\":{\"@id\":\"https:\\\/\\\/enrick.cat\\\/sapastre\\\/#breadcrumb\"},\"inLanguage\":\"es\",\"potentialAction\":[{\"@type\":\"ReadAction\",\"target\":[\"https:\\\/\\\/enrick.cat\\\/sapastre\\\/\"]}]},{\"@type\":\"BreadcrumbList\",\"@id\":\"https:\\\/\\\/enrick.cat\\\/sapastre\\\/#breadcrumb\",\"itemListElement\":[{\"@type\":\"ListItem\",\"position\":1,\"name\":\"Inici\",\"item\":\"https:\\\/\\\/enrick.cat\\\/\"},{\"@type\":\"ListItem\",\"position\":2,\"name\":\"Sapastre\"}]},{\"@type\":\"WebSite\",\"@id\":\"https:\\\/\\\/enrick.cat\\\/#website\",\"url\":\"https:\\\/\\\/enrick.cat\\\/\",\"name\":\"En Rick | No s\u00e9 ballar ja disponible\",\"description\":\"El teu Sapastre de confian\u00e7a\",\"publisher\":{\"@id\":\"https:\\\/\\\/enrick.cat\\\/#\\\/schema\\\/person\\\/493db02099da031b2a43b4a948e6aa9e\"},\"potentialAction\":[{\"@type\":\"SearchAction\",\"target\":{\"@type\":\"EntryPoint\",\"urlTemplate\":\"https:\\\/\\\/enrick.cat\\\/?s={search_term_string}\"},\"query-input\":{\"@type\":\"PropertyValueSpecification\",\"valueRequired\":true,\"valueName\":\"search_term_string\"}}],\"inLanguage\":\"es\"},{\"@type\":[\"Person\",\"Organization\"],\"@id\":\"https:\\\/\\\/enrick.cat\\\/#\\\/schema\\\/person\\\/493db02099da031b2a43b4a948e6aa9e\",\"name\":\"En Rick\",\"image\":{\"@type\":\"ImageObject\",\"inLanguage\":\"es\",\"@id\":\"https:\\\/\\\/enrick.cat\\\/wp-content\\\/uploads\\\/2023\\\/09\\\/cropped-Logo_n-png.avif\",\"url\":\"https:\\\/\\\/enrick.cat\\\/wp-content\\\/uploads\\\/2023\\\/09\\\/cropped-Logo_n-png.avif\",\"contentUrl\":\"https:\\\/\\\/enrick.cat\\\/wp-content\\\/uploads\\\/2023\\\/09\\\/cropped-Logo_n-png.avif\",\"width\":896,\"height\":253,\"caption\":\"En Rick\"},\"logo\":{\"@id\":\"https:\\\/\\\/enrick.cat\\\/wp-content\\\/uploads\\\/2023\\\/09\\\/cropped-Logo_n-png.avif\"},\"sameAs\":[\"https:\\\/\\\/enrick.cat\"]}]}<\/script>\n<!-- \/ Yoast SEO plugin. -->","yoast_head_json":{"title":"Sapastre - En Rick","robots":{"index":"index","follow":"follow","max-snippet":"max-snippet:-1","max-image-preview":"max-image-preview:large","max-video-preview":"max-video-preview:-1"},"canonical":"https:\/\/enrick.cat\/es\/sapastre\/","og_locale":"es_ES","og_type":"article","og_title":"Sapastre - En Rick","og_description":"Sapastre 20\/2\/2026 Colacao a la nevera i la llet al rebostSoc el que vol mirar l\u2019hora i sempre acaba a TiktokPoso sal en lloc de sucre, el pa torrat \u00e9s carb\u00f3Soc el que marxa de casa amb les claus encara a l\u2019habitaci\u00f3 Soc el que tres anys m\u00e9s tardVeu que s\u2019hauria d\u2019haver llen\u00e7atSoc el mail [&hellip;]","og_url":"https:\/\/enrick.cat\/es\/sapastre\/","og_site_name":"En Rick","article_modified_time":"2026-04-21T14:40:37+00:00","twitter_card":"summary_large_image","twitter_misc":{"Tiempo de lectura":"2 minutos"},"schema":{"@context":"https:\/\/schema.org","@graph":[{"@type":"WebPage","@id":"https:\/\/enrick.cat\/sapastre\/","url":"https:\/\/enrick.cat\/sapastre\/","name":"Sapastre - En Rick","isPartOf":{"@id":"https:\/\/enrick.cat\/#website"},"datePublished":"2026-04-21T14:20:39+00:00","dateModified":"2026-04-21T14:40:37+00:00","breadcrumb":{"@id":"https:\/\/enrick.cat\/sapastre\/#breadcrumb"},"inLanguage":"es","potentialAction":[{"@type":"ReadAction","target":["https:\/\/enrick.cat\/sapastre\/"]}]},{"@type":"BreadcrumbList","@id":"https:\/\/enrick.cat\/sapastre\/#breadcrumb","itemListElement":[{"@type":"ListItem","position":1,"name":"Inici","item":"https:\/\/enrick.cat\/"},{"@type":"ListItem","position":2,"name":"Sapastre"}]},{"@type":"WebSite","@id":"https:\/\/enrick.cat\/#website","url":"https:\/\/enrick.cat\/","name":"En Rick | No s\u00e9 ballar ja disponible","description":"El teu Sapastre de confian\u00e7a","publisher":{"@id":"https:\/\/enrick.cat\/#\/schema\/person\/493db02099da031b2a43b4a948e6aa9e"},"potentialAction":[{"@type":"SearchAction","target":{"@type":"EntryPoint","urlTemplate":"https:\/\/enrick.cat\/?s={search_term_string}"},"query-input":{"@type":"PropertyValueSpecification","valueRequired":true,"valueName":"search_term_string"}}],"inLanguage":"es"},{"@type":["Person","Organization"],"@id":"https:\/\/enrick.cat\/#\/schema\/person\/493db02099da031b2a43b4a948e6aa9e","name":"En Rick","image":{"@type":"ImageObject","inLanguage":"es","@id":"https:\/\/enrick.cat\/wp-content\/uploads\/2023\/09\/cropped-Logo_n-png.avif","url":"https:\/\/enrick.cat\/wp-content\/uploads\/2023\/09\/cropped-Logo_n-png.avif","contentUrl":"https:\/\/enrick.cat\/wp-content\/uploads\/2023\/09\/cropped-Logo_n-png.avif","width":896,"height":253,"caption":"En Rick"},"logo":{"@id":"https:\/\/enrick.cat\/wp-content\/uploads\/2023\/09\/cropped-Logo_n-png.avif"},"sameAs":["https:\/\/enrick.cat"]}]}},"jetpack_sharing_enabled":true,"_links":{"self":[{"href":"https:\/\/enrick.cat\/es\/wp-json\/wp\/v2\/pages\/2832","targetHints":{"allow":["GET"]}}],"collection":[{"href":"https:\/\/enrick.cat\/es\/wp-json\/wp\/v2\/pages"}],"about":[{"href":"https:\/\/enrick.cat\/es\/wp-json\/wp\/v2\/types\/page"}],"author":[{"embeddable":true,"href":"https:\/\/enrick.cat\/es\/wp-json\/wp\/v2\/users\/1"}],"replies":[{"embeddable":true,"href":"https:\/\/enrick.cat\/es\/wp-json\/wp\/v2\/comments?post=2832"}],"version-history":[{"count":37,"href":"https:\/\/enrick.cat\/es\/wp-json\/wp\/v2\/pages\/2832\/revisions"}],"predecessor-version":[{"id":2871,"href":"https:\/\/enrick.cat\/es\/wp-json\/wp\/v2\/pages\/2832\/revisions\/2871"}],"wp:attachment":[{"href":"https:\/\/enrick.cat\/es\/wp-json\/wp\/v2\/media?parent=2832"}],"curies":[{"name":"wp","href":"https:\/\/api.w.org\/{rel}","templated":true}]}}